{"id":2262,"date":"2025-11-03T21:27:46","date_gmt":"2025-11-03T20:27:46","guid":{"rendered":"https:\/\/www.clinicadentalagirre.com\/?page_id=2262"},"modified":"2025-12-04T09:13:17","modified_gmt":"2025-12-04T08:13:17","slug":"clinica","status":"publish","type":"page","link":"https:\/\/www.clinicadentalagirre.com\/eu\/clinica\/","title":{"rendered":"Klinika"},"content":{"rendered":"\t\t<div data-elementor-type=\"wp-page\" data-elementor-id=\"2262\" class=\"elementor elementor-2262\" data-elementor-post-type=\"page\">\n\t\t\t\t<div class=\"elementor-element elementor-element-c5d205e e-flex e-con-boxed e-con e-parent\" data-id=\"c5d205e\" data-element_type=\"container\" data-settings=\"{&quot;background_background&quot;:&quot;classic&quot;}\">\n\t\t\t\t\t<div class=\"e-con-inner\">\n\t\t<div class=\"elementor-element elementor-element-317b338 e-con-full fc-container-equal e-flex elementor-invisible e-con e-child\" data-id=\"317b338\" data-element_type=\"container\" data-settings=\"{&quot;animation&quot;:&quot;fadeIn&quot;}\">\n\t\t\t\t<div class=\"elementor-element elementor-element-f61ede0 elementor-invisible elementor-widget elementor-widget-heading\" data-id=\"f61ede0\" data-element_type=\"widget\" data-settings=\"{&quot;_animation&quot;:&quot;fadeIn&quot;}\" data-widget_type=\"heading.default\">\n\t\t\t\t<div class=\"elementor-widget-container\">\n\t\t\t\t\t<h1 class=\"elementor-heading-title elementor-size-default\">Nuestra cl\u00ednica<\/h1>\t\t\t\t<\/div>\n\t\t\t\t<\/div>\n\t\t\t\t<\/div>\n\t\t\t\t\t<\/div>\n\t\t\t\t<\/div>\n\t\t<div class=\"elementor-element elementor-element-2c289fd e-con-full fc-container-padding e-flex e-con e-parent\" data-id=\"2c289fd\" data-element_type=\"container\" data-settings=\"{&quot;background_background&quot;:&quot;classic&quot;}\">\n\t\t<div class=\"elementor-element elementor-element-3fa0f20 e-flex e-con-boxed e-con e-child\" data-id=\"3fa0f20\" data-element_type=\"container\">\n\t\t\t\t\t<div class=\"e-con-inner\">\n\t\t<div class=\"elementor-element elementor-element-7475b0c fc-container-col e-flex e-con-boxed e-con e-child\" data-id=\"7475b0c\" data-element_type=\"container\">\n\t\t\t\t\t<div class=\"e-con-inner\">\n\t\t\t\t<div class=\"elementor-element elementor-element-4ced2c0 elementor-invisible elementor-widget elementor-widget-heading\" data-id=\"4ced2c0\" data-element_type=\"widget\" data-settings=\"{&quot;_animation&quot;:&quot;fadeInUp&quot;}\" data-widget_type=\"heading.default\">\n\t\t\t\t<div class=\"elementor-widget-container\">\n\t\t\t\t\t<div class=\"elementor-heading-title elementor-size-default\">cuidamos tu sonrisa<\/div>\t\t\t\t<\/div>\n\t\t\t\t<\/div>\n\t\t\t\t<div class=\"elementor-element elementor-element-9fea9d4 elementor-invisible elementor-widget elementor-widget-heading\" data-id=\"9fea9d4\" data-element_type=\"widget\" data-settings=\"{&quot;_animation&quot;:&quot;fadeInUp&quot;}\" data-widget_type=\"heading.default\">\n\t\t\t\t<div class=\"elementor-widget-container\">\n\t\t\t\t\t<h2 class=\"elementor-heading-title elementor-size-default\">Un espacio pensado para ti y tu bienestar<\/h2>\t\t\t\t<\/div>\n\t\t\t\t<\/div>\n\t\t\t\t<div class=\"elementor-element elementor-element-90e9e48 elementor-invisible elementor-widget elementor-widget-text-editor\" data-id=\"90e9e48\" data-element_type=\"widget\" data-settings=\"{&quot;_animation&quot;:&quot;fadeInUp&quot;}\" data-widget_type=\"text-editor.default\">\n\t\t\t\t<div class=\"elementor-widget-container\">\n\t\t\t\t\t\t\t\t\t<p>En Cl\u00ednica Dental Agirre cuidamos cada detalle para que te sientas c\u00f3modo desde el primer momento. Nuestro centro, ubicado en Lezo (Gipuzkoa), cuenta con instalaciones modernas, luminosas y totalmente equipadas para ofrecerte una experiencia dental agradable y segura.<\/p><p>Desde la recepci\u00f3n hasta los gabinetes, todo est\u00e1 dise\u00f1ado pensando en ti: atenci\u00f3n sin prisas, acompa\u00f1amiento cercano y protocolos de higiene que garantizan la m\u00e1xima seguridad.<\/p>\t\t\t\t\t\t\t\t<\/div>\n\t\t\t\t<\/div>\n\t\t\t\t\t<\/div>\n\t\t\t\t<\/div>\n\t\t<div class=\"elementor-element elementor-element-3f24b86 fc-container-col e-con-full e-flex e-con e-child\" data-id=\"3f24b86\" data-element_type=\"container\" data-settings=\"{&quot;background_background&quot;:&quot;classic&quot;}\">\n\t\t\t\t<div class=\"elementor-element elementor-element-429ba5d elementor-invisible elementor-widget elementor-widget-image\" data-id=\"429ba5d\" data-element_type=\"widget\" data-settings=\"{&quot;_animation&quot;:&quot;fadeIn&quot;,&quot;_animation_delay&quot;:800}\" data-widget_type=\"image.default\">\n\t\t\t\t<div class=\"elementor-widget-container\">\n\t\t\t\t\t\t\t\t\t\t\t\t\t\t\t<img fetchpriority=\"high\" decoding=\"async\" width=\"800\" height=\"800\" src=\"https:\/\/www.clinicadentalagirre.com\/wp-content\/uploads\/2025\/11\/clinica-paciente-1762205572.jpg\" class=\"attachment-large size-large wp-image-2276\" alt=\"Clinica Paciente\" srcset=\"https:\/\/www.clinicadentalagirre.com\/wp-content\/uploads\/2025\/11\/clinica-paciente-1762205572.jpg 960w, https:\/\/www.clinicadentalagirre.com\/wp-content\/uploads\/2025\/11\/clinica-paciente-1762205572-300x300.jpg 300w, https:\/\/www.clinicadentalagirre.com\/wp-content\/uploads\/2025\/11\/clinica-paciente-1762205572-150x150.jpg 150w, https:\/\/www.clinicadentalagirre.com\/wp-content\/uploads\/2025\/11\/clinica-paciente-1762205572-768x768.jpg 768w\" sizes=\"(max-width: 800px) 100vw, 800px\" \/>\t\t\t\t\t\t\t\t\t\t\t\t\t\t\t<\/div>\n\t\t\t\t<\/div>\n\t\t\t\t<\/div>\n\t\t\t\t\t<\/div>\n\t\t\t\t<\/div>\n\t\t\t\t<\/div>\n\t\t<div class=\"elementor-element elementor-element-4eb0376 e-con-full e-flex e-con e-parent\" data-id=\"4eb0376\" data-element_type=\"container\">\n\t\t<div class=\"elementor-element elementor-element-69476b1 e-con-full e-flex e-con e-child\" data-id=\"69476b1\" data-element_type=\"container\" data-settings=\"{&quot;background_background&quot;:&quot;slideshow&quot;,&quot;background_slideshow_gallery&quot;:[{&quot;id&quot;:2922,&quot;url&quot;:&quot;https:\\\/\\\/www.clinicadentalagirre.com\\\/wp-content\\\/uploads\\\/2025\\\/12\\\/clinica-dental-agirre-cirugia-1764779232.jpg&quot;},{&quot;id&quot;:2341,&quot;url&quot;:&quot;https:\\\/\\\/www.clinicadentalagirre.com\\\/wp-content\\\/uploads\\\/2025\\\/11\\\/clinica-dental-agirre-paciente-1762469697.jpg&quot;}],&quot;background_slideshow_loop&quot;:&quot;yes&quot;,&quot;background_slideshow_slide_duration&quot;:5000,&quot;background_slideshow_slide_transition&quot;:&quot;fade&quot;,&quot;background_slideshow_transition_duration&quot;:500}\">\n\t\t\t\t<\/div>\n\t\t<div class=\"elementor-element elementor-element-5badf0f e-con-full e-flex e-con e-child\" data-id=\"5badf0f\" data-element_type=\"container\" data-settings=\"{&quot;background_background&quot;:&quot;classic&quot;}\">\n\t\t<div class=\"elementor-element elementor-element-ef2da9b fc-container-equal fc-container-col-boxed fc-container-col-boxed-left e-con-full e-flex elementor-invisible e-con e-child\" data-id=\"ef2da9b\" data-element_type=\"container\" data-settings=\"{&quot;animation&quot;:&quot;fadeIn&quot;,&quot;background_background&quot;:&quot;classic&quot;}\">\n\t\t\t\t<div class=\"elementor-element elementor-element-84012c6 elementor-invisible elementor-widget elementor-widget-heading\" data-id=\"84012c6\" data-element_type=\"widget\" data-settings=\"{&quot;_animation&quot;:&quot;fadeInUp&quot;}\" data-widget_type=\"heading.default\">\n\t\t\t\t<div class=\"elementor-widget-container\">\n\t\t\t\t\t<span class=\"elementor-heading-title elementor-size-default\">Garantizamos tu seguridad <\/span>\t\t\t\t<\/div>\n\t\t\t\t<\/div>\n\t\t\t\t<div class=\"elementor-element elementor-element-bdaf22e elementor-invisible elementor-widget elementor-widget-heading\" data-id=\"bdaf22e\" data-element_type=\"widget\" data-settings=\"{&quot;_animation&quot;:&quot;fadeInUp&quot;}\" data-widget_type=\"heading.default\">\n\t\t\t\t<div class=\"elementor-widget-container\">\n\t\t\t\t\t<h2 class=\"elementor-heading-title elementor-size-default\">Valores que nos definen<\/h2>\t\t\t\t<\/div>\n\t\t\t\t<\/div>\n\t\t\t\t<div class=\"elementor-element elementor-element-7111d35 elementor-icon-list--layout-traditional elementor-list-item-link-full_width elementor-invisible elementor-widget elementor-widget-icon-list\" data-id=\"7111d35\" data-element_type=\"widget\" data-settings=\"{&quot;_animation&quot;:&quot;fadeInUp&quot;}\" data-widget_type=\"icon-list.default\">\n\t\t\t\t<div class=\"elementor-widget-container\">\n\t\t\t\t\t\t\t<ul class=\"elementor-icon-list-items\">\n\t\t\t\t\t\t\t<li class=\"elementor-icon-list-item\">\n\t\t\t\t\t\t\t\t\t\t\t<span class=\"elementor-icon-list-icon\">\n\t\t\t\t\t\t\t<i aria-hidden=\"true\" class=\"fas fa-check\"><\/i>\t\t\t\t\t\t<\/span>\n\t\t\t\t\t\t\t\t\t\t<span class=\"elementor-icon-list-text\">Trato humano y personalizado<\/span>\n\t\t\t\t\t\t\t\t\t<\/li>\n\t\t\t\t\t\t\t\t<li class=\"elementor-icon-list-item\">\n\t\t\t\t\t\t\t\t\t\t\t<span class=\"elementor-icon-list-icon\">\n\t\t\t\t\t\t\t<i aria-hidden=\"true\" class=\"fas fa-check\"><\/i>\t\t\t\t\t\t<\/span>\n\t\t\t\t\t\t\t\t\t\t<span class=\"elementor-icon-list-text\">Transparencia y confianza<\/span>\n\t\t\t\t\t\t\t\t\t<\/li>\n\t\t\t\t\t\t\t\t<li class=\"elementor-icon-list-item\">\n\t\t\t\t\t\t\t\t\t\t\t<span class=\"elementor-icon-list-icon\">\n\t\t\t\t\t\t\t<i aria-hidden=\"true\" class=\"fas fa-check\"><\/i>\t\t\t\t\t\t<\/span>\n\t\t\t\t\t\t\t\t\t\t<span class=\"elementor-icon-list-text\">Tecnolog\u00eda al servicio del paciente<\/span>\n\t\t\t\t\t\t\t\t\t<\/li>\n\t\t\t\t\t\t\t\t<li class=\"elementor-icon-list-item\">\n\t\t\t\t\t\t\t\t\t\t\t<span class=\"elementor-icon-list-icon\">\n\t\t\t\t\t\t\t<i aria-hidden=\"true\" class=\"fas fa-check\"><\/i>\t\t\t\t\t\t<\/span>\n\t\t\t\t\t\t\t\t\t\t<span class=\"elementor-icon-list-text\">Compromiso con la formaci\u00f3n continua<\/span>\n\t\t\t\t\t\t\t\t\t<\/li>\n\t\t\t\t\t\t<\/ul>\n\t\t\t\t\t\t<\/div>\n\t\t\t\t<\/div>\n\t\t\t\t<div class=\"elementor-element elementor-element-744b17c elementor-invisible elementor-widget elementor-widget-text-editor\" data-id=\"744b17c\" data-element_type=\"widget\" data-settings=\"{&quot;_animation&quot;:&quot;fadeInUp&quot;}\" data-widget_type=\"text-editor.default\">\n\t\t\t\t<div class=\"elementor-widget-container\">\n\t\t\t\t\t\t\t\t\t<p>Ven a conocernos y descubre por qu\u00e9 nuestros pacientes nos recomiendan.<\/p>\t\t\t\t\t\t\t\t<\/div>\n\t\t\t\t<\/div>\n\t\t\t\t<\/div>\n\t\t\t\t<\/div>\n\t\t\t\t<\/div>\n\t\t<div class=\"elementor-element elementor-element-7a5dd2b e-con-full e-flex e-con e-parent\" data-id=\"7a5dd2b\" data-element_type=\"container\" data-settings=\"{&quot;background_background&quot;:&quot;classic&quot;}\">\n\t\t<div class=\"elementor-element elementor-element-b1030d8 fc-container-equal-l e-flex e-con-boxed e-con e-child\" data-id=\"b1030d8\" data-element_type=\"container\">\n\t\t\t\t\t<div class=\"e-con-inner\">\n\t\t\t\t<div class=\"elementor-element elementor-element-bf517ae elementor-invisible elementor-widget elementor-widget-heading\" data-id=\"bf517ae\" data-element_type=\"widget\" data-settings=\"{&quot;_animation&quot;:&quot;fadeInUp&quot;}\" data-widget_type=\"heading.default\">\n\t\t\t\t<div class=\"elementor-widget-container\">\n\t\t\t\t\t<h2 class=\"elementor-heading-title elementor-size-default\">Amplias y modernas instalaciones <\/h2>\t\t\t\t<\/div>\n\t\t\t\t<\/div>\n\t\t\t\t<div class=\"elementor-element elementor-element-08f79e5 elementor-invisible elementor-widget elementor-widget-text-editor\" data-id=\"08f79e5\" data-element_type=\"widget\" data-settings=\"{&quot;_animation&quot;:&quot;fadeInUp&quot;}\" data-widget_type=\"text-editor.default\">\n\t\t\t\t<div class=\"elementor-widget-container\">\n\t\t\t\t\t\t\t\t\t<p>Con lo \u00faltimo en tecnolog\u00eda<\/p>\t\t\t\t\t\t\t\t<\/div>\n\t\t\t\t<\/div>\n\t\t\t\t\t<\/div>\n\t\t\t\t<\/div>\n\t\t\t\t<div class=\"elementor-element elementor-element-1eb3f01 elementor-widget elementor-widget-gallery\" data-id=\"1eb3f01\" data-element_type=\"widget\" data-settings=\"{&quot;gallery_layout&quot;:&quot;justified&quot;,&quot;gap&quot;:{&quot;unit&quot;:&quot;px&quot;,&quot;size&quot;:9,&quot;sizes&quot;:[]},&quot;lazyload&quot;:&quot;yes&quot;,&quot;ideal_row_height&quot;:{&quot;unit&quot;:&quot;px&quot;,&quot;size&quot;:200,&quot;sizes&quot;:[]},&quot;ideal_row_height_widescreen&quot;:{&quot;unit&quot;:&quot;px&quot;,&quot;size&quot;:&quot;&quot;,&quot;sizes&quot;:[]},&quot;ideal_row_height_laptop&quot;:{&quot;unit&quot;:&quot;px&quot;,&quot;size&quot;:150,&quot;sizes&quot;:[]},&quot;ideal_row_height_tablet&quot;:{&quot;unit&quot;:&quot;px&quot;,&quot;size&quot;:150,&quot;sizes&quot;:[]},&quot;ideal_row_height_mobile&quot;:{&quot;unit&quot;:&quot;px&quot;,&quot;size&quot;:150,&quot;sizes&quot;:[]},&quot;gap_widescreen&quot;:{&quot;unit&quot;:&quot;px&quot;,&quot;size&quot;:&quot;&quot;,&quot;sizes&quot;:[]},&quot;gap_laptop&quot;:{&quot;unit&quot;:&quot;px&quot;,&quot;size&quot;:10,&quot;sizes&quot;:[]},&quot;gap_tablet&quot;:{&quot;unit&quot;:&quot;px&quot;,&quot;size&quot;:10,&quot;sizes&quot;:[]},&quot;gap_mobile&quot;:{&quot;unit&quot;:&quot;px&quot;,&quot;size&quot;:10,&quot;sizes&quot;:[]},&quot;link_to&quot;:&quot;file&quot;,&quot;content_hover_animation&quot;:&quot;fade-in&quot;}\" data-widget_type=\"gallery.default\">\n\t\t\t\t<div class=\"elementor-widget-container\">\n\t\t\t\t\t\t\t<div class=\"elementor-gallery__container\">\n\t\t\t\t\t\t\t<a class=\"e-gallery-item elementor-gallery-item elementor-animated-content\" href=\"https:\/\/www.clinicadentalagirre.com\/wp-content\/uploads\/2025\/11\/aparatos-1762206074.jpg\" data-elementor-open-lightbox=\"yes\" data-elementor-lightbox-slideshow=\"1eb3f01\" data-elementor-lightbox-title=\"Aparatos\" data-e-action-hash=\"#elementor-action%3Aaction%3Dlightbox%26settings%3DeyJpZCI6MjI4MSwidXJsIjoiaHR0cHM6XC9cL3d3dy5jbGluaWNhZGVudGFsYWdpcnJlLmNvbVwvd3AtY29udGVudFwvdXBsb2Fkc1wvMjAyNVwvMTFcL2FwYXJhdG9zLTE3NjIyMDYwNzQuanBnIiwic2xpZGVzaG93IjoiMWViM2YwMSJ9\">\n\t\t\t\t\t<div class=\"e-gallery-image elementor-gallery-item__image\" data-thumbnail=\"https:\/\/www.clinicadentalagirre.com\/wp-content\/uploads\/2025\/11\/aparatos-1762206074.jpg\" data-width=\"670\" data-height=\"400\" aria-label=\"Aparatos\" role=\"img\" ><\/div>\n\t\t\t\t\t\t\t\t\t\t\t\t\t\t<\/a>\n\t\t\t\t\t\t\t<a class=\"e-gallery-item elementor-gallery-item elementor-animated-content\" href=\"https:\/\/www.clinicadentalagirre.com\/wp-content\/uploads\/2025\/12\/clinica-dental-agirre-cirugia-1764779232.jpg\" data-elementor-open-lightbox=\"yes\" data-elementor-lightbox-slideshow=\"1eb3f01\" data-elementor-lightbox-title=\"Clinica Dental Agirre Cirugia\" data-e-action-hash=\"#elementor-action%3Aaction%3Dlightbox%26settings%3DeyJpZCI6MjkyMiwidXJsIjoiaHR0cHM6XC9cL3d3dy5jbGluaWNhZGVudGFsYWdpcnJlLmNvbVwvd3AtY29udGVudFwvdXBsb2Fkc1wvMjAyNVwvMTJcL2NsaW5pY2EtZGVudGFsLWFnaXJyZS1jaXJ1Z2lhLTE3NjQ3NzkyMzIuanBnIiwic2xpZGVzaG93IjoiMWViM2YwMSJ9\">\n\t\t\t\t\t<div class=\"e-gallery-image elementor-gallery-item__image\" data-thumbnail=\"https:\/\/www.clinicadentalagirre.com\/wp-content\/uploads\/2025\/12\/clinica-dental-agirre-cirugia-1764779232-1024x814.jpg\" data-width=\"800\" data-height=\"636\" aria-label=\"Clinica Dental Agirre Cirugia\" role=\"img\" ><\/div>\n\t\t\t\t\t\t\t\t\t\t\t\t\t\t<\/a>\n\t\t\t\t\t\t\t<a class=\"e-gallery-item elementor-gallery-item elementor-animated-content\" href=\"https:\/\/www.clinicadentalagirre.com\/wp-content\/uploads\/2025\/11\/radiografia2-1762206086.jpg\" data-elementor-open-lightbox=\"yes\" data-elementor-lightbox-slideshow=\"1eb3f01\" data-elementor-lightbox-title=\"Radiografia2\" data-e-action-hash=\"#elementor-action%3Aaction%3Dlightbox%26settings%3DeyJpZCI6MjI4OCwidXJsIjoiaHR0cHM6XC9cL3d3dy5jbGluaWNhZGVudGFsYWdpcnJlLmNvbVwvd3AtY29udGVudFwvdXBsb2Fkc1wvMjAyNVwvMTFcL3JhZGlvZ3JhZmlhMi0xNzYyMjA2MDg2LmpwZyIsInNsaWRlc2hvdyI6IjFlYjNmMDEifQ%3D%3D\">\n\t\t\t\t\t<div class=\"e-gallery-image elementor-gallery-item__image\" data-thumbnail=\"https:\/\/www.clinicadentalagirre.com\/wp-content\/uploads\/2025\/11\/radiografia2-1762206086.jpg\" data-width=\"670\" data-height=\"400\" aria-label=\"Radiografia2\" role=\"img\" ><\/div>\n\t\t\t\t\t\t\t\t\t\t\t\t\t\t<\/a>\n\t\t\t\t\t\t\t<a class=\"e-gallery-item elementor-gallery-item elementor-animated-content\" href=\"https:\/\/www.clinicadentalagirre.com\/wp-content\/uploads\/2025\/11\/scaner-1762206076.jpg\" data-elementor-open-lightbox=\"yes\" data-elementor-lightbox-slideshow=\"1eb3f01\" data-elementor-lightbox-title=\"Scaner\" data-e-action-hash=\"#elementor-action%3Aaction%3Dlightbox%26settings%3DeyJpZCI6MjI4MiwidXJsIjoiaHR0cHM6XC9cL3d3dy5jbGluaWNhZGVudGFsYWdpcnJlLmNvbVwvd3AtY29udGVudFwvdXBsb2Fkc1wvMjAyNVwvMTFcL3NjYW5lci0xNzYyMjA2MDc2LmpwZyIsInNsaWRlc2hvdyI6IjFlYjNmMDEifQ%3D%3D\">\n\t\t\t\t\t<div class=\"e-gallery-image elementor-gallery-item__image\" data-thumbnail=\"https:\/\/www.clinicadentalagirre.com\/wp-content\/uploads\/2025\/11\/scaner-1762206076.jpg\" data-width=\"800\" data-height=\"600\" aria-label=\"Scaner\" role=\"img\" ><\/div>\n\t\t\t\t\t\t\t\t\t\t\t\t\t\t<\/a>\n\t\t\t\t\t\t\t<a class=\"e-gallery-item elementor-gallery-item elementor-animated-content\" href=\"https:\/\/www.clinicadentalagirre.com\/wp-content\/uploads\/2025\/11\/blanqueamiento-1762206077.jpg\" data-elementor-open-lightbox=\"yes\" data-elementor-lightbox-slideshow=\"1eb3f01\" data-elementor-lightbox-title=\"Blanqueamiento\" data-e-action-hash=\"#elementor-action%3Aaction%3Dlightbox%26settings%3DeyJpZCI6MjI4MywidXJsIjoiaHR0cHM6XC9cL3d3dy5jbGluaWNhZGVudGFsYWdpcnJlLmNvbVwvd3AtY29udGVudFwvdXBsb2Fkc1wvMjAyNVwvMTFcL2JsYW5xdWVhbWllbnRvLTE3NjIyMDYwNzcuanBnIiwic2xpZGVzaG93IjoiMWViM2YwMSJ9\">\n\t\t\t\t\t<div class=\"e-gallery-image elementor-gallery-item__image\" data-thumbnail=\"https:\/\/www.clinicadentalagirre.com\/wp-content\/uploads\/2025\/11\/blanqueamiento-1762206077.jpg\" data-width=\"572\" data-height=\"387\" aria-label=\"Blanqueamiento\" role=\"img\" ><\/div>\n\t\t\t\t\t\t\t\t\t\t\t\t\t\t<\/a>\n\t\t\t\t\t\t\t<a class=\"e-gallery-item elementor-gallery-item elementor-animated-content\" href=\"https:\/\/www.clinicadentalagirre.com\/wp-content\/uploads\/2025\/11\/cirugia-1762206079.jpg\" data-elementor-open-lightbox=\"yes\" data-elementor-lightbox-slideshow=\"1eb3f01\" data-elementor-lightbox-title=\"Cirugia\" data-e-action-hash=\"#elementor-action%3Aaction%3Dlightbox%26settings%3DeyJpZCI6MjI4NCwidXJsIjoiaHR0cHM6XC9cL3d3dy5jbGluaWNhZGVudGFsYWdpcnJlLmNvbVwvd3AtY29udGVudFwvdXBsb2Fkc1wvMjAyNVwvMTFcL2NpcnVnaWEtMTc2MjIwNjA3OS5qcGciLCJzbGlkZXNob3ciOiIxZWIzZjAxIn0%3D\">\n\t\t\t\t\t<div class=\"e-gallery-image elementor-gallery-item__image\" data-thumbnail=\"https:\/\/www.clinicadentalagirre.com\/wp-content\/uploads\/2025\/11\/cirugia-1762206079.jpg\" data-width=\"572\" data-height=\"387\" aria-label=\"Cirugia\" role=\"img\" ><\/div>\n\t\t\t\t\t\t\t\t\t\t\t\t\t\t<\/a>\n\t\t\t\t\t\t\t<a class=\"e-gallery-item elementor-gallery-item elementor-animated-content\" href=\"https:\/\/www.clinicadentalagirre.com\/wp-content\/uploads\/2025\/11\/corona-1762206081.jpg\" data-elementor-open-lightbox=\"yes\" data-elementor-lightbox-slideshow=\"1eb3f01\" data-elementor-lightbox-title=\"Corona\" data-e-action-hash=\"#elementor-action%3Aaction%3Dlightbox%26settings%3DeyJpZCI6MjI4NSwidXJsIjoiaHR0cHM6XC9cL3d3dy5jbGluaWNhZGVudGFsYWdpcnJlLmNvbVwvd3AtY29udGVudFwvdXBsb2Fkc1wvMjAyNVwvMTFcL2Nvcm9uYS0xNzYyMjA2MDgxLmpwZyIsInNsaWRlc2hvdyI6IjFlYjNmMDEifQ%3D%3D\">\n\t\t\t\t\t<div class=\"e-gallery-image elementor-gallery-item__image\" data-thumbnail=\"https:\/\/www.clinicadentalagirre.com\/wp-content\/uploads\/2025\/11\/corona-1762206081-1024x629.jpg\" data-width=\"800\" data-height=\"491\" aria-label=\"Corona\" role=\"img\" ><\/div>\n\t\t\t\t\t\t\t\t\t\t\t\t\t\t<\/a>\n\t\t\t\t\t\t\t<a class=\"e-gallery-item elementor-gallery-item elementor-animated-content\" href=\"https:\/\/www.clinicadentalagirre.com\/wp-content\/uploads\/2025\/11\/gabinete-1762206083.jpg\" data-elementor-open-lightbox=\"yes\" data-elementor-lightbox-slideshow=\"1eb3f01\" data-elementor-lightbox-title=\"Gabinete\" data-e-action-hash=\"#elementor-action%3Aaction%3Dlightbox%26settings%3DeyJpZCI6MjI4NiwidXJsIjoiaHR0cHM6XC9cL3d3dy5jbGluaWNhZGVudGFsYWdpcnJlLmNvbVwvd3AtY29udGVudFwvdXBsb2Fkc1wvMjAyNVwvMTFcL2dhYmluZXRlLTE3NjIyMDYwODMuanBnIiwic2xpZGVzaG93IjoiMWViM2YwMSJ9\">\n\t\t\t\t\t<div class=\"e-gallery-image elementor-gallery-item__image\" data-thumbnail=\"https:\/\/www.clinicadentalagirre.com\/wp-content\/uploads\/2025\/11\/gabinete-1762206083.jpg\" data-width=\"675\" data-height=\"900\" aria-label=\"Gabinete\" role=\"img\" ><\/div>\n\t\t\t\t\t\t\t\t\t\t\t\t\t\t<\/a>\n\t\t\t\t\t\t\t<a class=\"e-gallery-item elementor-gallery-item elementor-animated-content\" href=\"https:\/\/www.clinicadentalagirre.com\/wp-content\/uploads\/2025\/11\/radiologia3-1762206084.jpg\" data-elementor-open-lightbox=\"yes\" data-elementor-lightbox-slideshow=\"1eb3f01\" data-elementor-lightbox-title=\"Radiologia3\" data-e-action-hash=\"#elementor-action%3Aaction%3Dlightbox%26settings%3DeyJpZCI6MjI4NywidXJsIjoiaHR0cHM6XC9cL3d3dy5jbGluaWNhZGVudGFsYWdpcnJlLmNvbVwvd3AtY29udGVudFwvdXBsb2Fkc1wvMjAyNVwvMTFcL3JhZGlvbG9naWEzLTE3NjIyMDYwODQuanBnIiwic2xpZGVzaG93IjoiMWViM2YwMSJ9\">\n\t\t\t\t\t<div class=\"e-gallery-image elementor-gallery-item__image\" data-thumbnail=\"https:\/\/www.clinicadentalagirre.com\/wp-content\/uploads\/2025\/11\/radiologia3-1762206084.jpg\" data-width=\"572\" data-height=\"387\" aria-label=\"Radiologia3\" role=\"img\" ><\/div>\n\t\t\t\t\t\t\t\t\t\t\t\t\t\t<\/a>\n\t\t\t\t\t\t\t<a class=\"e-gallery-item elementor-gallery-item elementor-animated-content\" href=\"https:\/\/www.clinicadentalagirre.com\/wp-content\/uploads\/2025\/11\/radiografia-1762206087.jpg\" data-elementor-open-lightbox=\"yes\" data-elementor-lightbox-slideshow=\"1eb3f01\" data-elementor-lightbox-title=\"Radiografia\" data-e-action-hash=\"#elementor-action%3Aaction%3Dlightbox%26settings%3DeyJpZCI6MjI4OSwidXJsIjoiaHR0cHM6XC9cL3d3dy5jbGluaWNhZGVudGFsYWdpcnJlLmNvbVwvd3AtY29udGVudFwvdXBsb2Fkc1wvMjAyNVwvMTFcL3JhZGlvZ3JhZmlhLTE3NjIyMDYwODcuanBnIiwic2xpZGVzaG93IjoiMWViM2YwMSJ9\">\n\t\t\t\t\t<div class=\"e-gallery-image elementor-gallery-item__image\" data-thumbnail=\"https:\/\/www.clinicadentalagirre.com\/wp-content\/uploads\/2025\/11\/radiografia-1762206087.jpg\" data-width=\"800\" data-height=\"800\" aria-label=\"Radiografia\" role=\"img\" ><\/div>\n\t\t\t\t\t\t\t\t\t\t\t\t\t\t<\/a>\n\t\t\t\t\t\t\t<a class=\"e-gallery-item elementor-gallery-item elementor-animated-content\" href=\"https:\/\/www.clinicadentalagirre.com\/wp-content\/uploads\/2025\/11\/microscopio-1762206090.jpg\" data-elementor-open-lightbox=\"yes\" data-elementor-lightbox-slideshow=\"1eb3f01\" data-elementor-lightbox-title=\"Microscopio\" data-e-action-hash=\"#elementor-action%3Aaction%3Dlightbox%26settings%3DeyJpZCI6MjI5MCwidXJsIjoiaHR0cHM6XC9cL3d3dy5jbGluaWNhZGVudGFsYWdpcnJlLmNvbVwvd3AtY29udGVudFwvdXBsb2Fkc1wvMjAyNVwvMTFcL21pY3Jvc2NvcGlvLTE3NjIyMDYwOTAuanBnIiwic2xpZGVzaG93IjoiMWViM2YwMSJ9\">\n\t\t\t\t\t<div class=\"e-gallery-image elementor-gallery-item__image\" data-thumbnail=\"https:\/\/www.clinicadentalagirre.com\/wp-content\/uploads\/2025\/11\/microscopio-1762206090-683x1024.jpg\" data-width=\"683\" data-height=\"1024\" aria-label=\"Microscopio\" role=\"img\" ><\/div>\n\t\t\t\t\t\t\t\t\t\t\t\t\t\t<\/a>\n\t\t\t\t\t\t\t<a class=\"e-gallery-item elementor-gallery-item elementor-animated-content\" href=\"https:\/\/www.clinicadentalagirre.com\/wp-content\/uploads\/2025\/11\/clinica-dental-agirre-paciente-1762469697.jpg\" data-elementor-open-lightbox=\"yes\" data-elementor-lightbox-slideshow=\"1eb3f01\" data-elementor-lightbox-title=\"Clinica Dental Agirre Paciente\" data-e-action-hash=\"#elementor-action%3Aaction%3Dlightbox%26settings%3DeyJpZCI6MjM0MSwidXJsIjoiaHR0cHM6XC9cL3d3dy5jbGluaWNhZGVudGFsYWdpcnJlLmNvbVwvd3AtY29udGVudFwvdXBsb2Fkc1wvMjAyNVwvMTFcL2NsaW5pY2EtZGVudGFsLWFnaXJyZS1wYWNpZW50ZS0xNzYyNDY5Njk3LmpwZyIsInNsaWRlc2hvdyI6IjFlYjNmMDEifQ%3D%3D\">\n\t\t\t\t\t<div class=\"e-gallery-image elementor-gallery-item__image\" data-thumbnail=\"https:\/\/www.clinicadentalagirre.com\/wp-content\/uploads\/2025\/11\/clinica-dental-agirre-paciente-1762469697-1024x683.jpg\" data-width=\"800\" data-height=\"534\" aria-label=\"Clinica Dental Agirre Paciente\" role=\"img\" ><\/div>\n\t\t\t\t\t\t\t\t\t\t\t\t\t\t<\/a>\n\t\t\t\t\t\t\t<a class=\"e-gallery-item elementor-gallery-item elementor-animated-content\" href=\"https:\/\/www.clinicadentalagirre.com\/wp-content\/uploads\/2025\/11\/clinica-dental-agirre-gabinete-1762469699.jpg\" data-elementor-open-lightbox=\"yes\" data-elementor-lightbox-slideshow=\"1eb3f01\" data-elementor-lightbox-title=\"Clinica Dental Agirre Gabinete\" data-e-action-hash=\"#elementor-action%3Aaction%3Dlightbox%26settings%3DeyJpZCI6MjM0MiwidXJsIjoiaHR0cHM6XC9cL3d3dy5jbGluaWNhZGVudGFsYWdpcnJlLmNvbVwvd3AtY29udGVudFwvdXBsb2Fkc1wvMjAyNVwvMTFcL2NsaW5pY2EtZGVudGFsLWFnaXJyZS1nYWJpbmV0ZS0xNzYyNDY5Njk5LmpwZyIsInNsaWRlc2hvdyI6IjFlYjNmMDEifQ%3D%3D\">\n\t\t\t\t\t<div class=\"e-gallery-image elementor-gallery-item__image\" data-thumbnail=\"https:\/\/www.clinicadentalagirre.com\/wp-content\/uploads\/2025\/11\/clinica-dental-agirre-gabinete-1762469699-1024x683.jpg\" data-width=\"800\" data-height=\"534\" aria-label=\"Clinica Dental Agirre Gabinete\" role=\"img\" ><\/div>\n\t\t\t\t\t\t\t\t\t\t\t\t\t\t<\/a>\n\t\t\t\t\t<\/div>\n\t\t\t\t\t<\/div>\n\t\t\t\t<\/div>\n\t\t\t\t<\/div>\n\t\t\t\t<\/div>\n\t\t","protected":false},"excerpt":{"rendered":"<p>Nuestra cl\u00ednica cuidamos tu sonrisa Un espacio pensado para ti y tu bienestar En Cl\u00ednica Dental Agirre cuidamos cada detalle para que te sientas c\u00f3modo desde el primer momento. Nuestro centro, ubicado en Lezo (Gipuzkoa), cuenta con instalaciones modernas, luminosas y totalmente equipadas para ofrecerte una experiencia dental agradable y segura. Desde la recepci\u00f3n hasta [&hellip;]<\/p>\n","protected":false},"author":3,"featured_media":0,"parent":0,"menu_order":0,"comment_status":"closed","ping_status":"closed","template":"","meta":{"_acf_changed":false,"footnotes":""},"class_list":["post-2262","page","type-page","status-publish","hentry"],"acf":[],"_links":{"self":[{"href":"https:\/\/www.clinicadentalagirre.com\/eu\/wp-json\/wp\/v2\/pages\/2262","targetHints":{"allow":["GET"]}}],"collection":[{"href":"https:\/\/www.clinicadentalagirre.com\/eu\/wp-json\/wp\/v2\/pages"}],"about":[{"href":"https:\/\/www.clinicadentalagirre.com\/eu\/wp-json\/wp\/v2\/types\/page"}],"author":[{"embeddable":true,"href":"https:\/\/www.clinicadentalagirre.com\/eu\/wp-json\/wp\/v2\/users\/3"}],"replies":[{"embeddable":true,"href":"https:\/\/www.clinicadentalagirre.com\/eu\/wp-json\/wp\/v2\/comments?post=2262"}],"version-history":[{"count":56,"href":"https:\/\/www.clinicadentalagirre.com\/eu\/wp-json\/wp\/v2\/pages\/2262\/revisions"}],"predecessor-version":[{"id":2925,"href":"https:\/\/www.clinicadentalagirre.com\/eu\/wp-json\/wp\/v2\/pages\/2262\/revisions\/2925"}],"wp:attachment":[{"href":"https:\/\/www.clinicadentalagirre.com\/eu\/wp-json\/wp\/v2\/media?parent=2262"}],"curies":[{"name":"wp","href":"https:\/\/api.w.org\/{rel}","templated":true}]}}