{"id":2427,"date":"2025-11-12T19:43:21","date_gmt":"2025-11-12T18:43:21","guid":{"rendered":"https:\/\/www.clinicadentalagirre.com\/?page_id=2427"},"modified":"2025-12-16T11:08:37","modified_gmt":"2025-12-16T10:08:37","slug":"odontologia-preventiva","status":"publish","type":"page","link":"https:\/\/www.clinicadentalagirre.com\/eu\/tratamientos\/odontologia-preventiva\/","title":{"rendered":"Odontolog\u00eda preventiva"},"content":{"rendered":"<div data-elementor-type=\"wp-page\" data-elementor-id=\"2427\" class=\"elementor elementor-2427\" data-elementor-post-type=\"page\">\n\t\t\t\t<div class=\"elementor-element elementor-element-8efb9d1 e-con-full fc-container-padding e-flex e-con e-parent\" data-id=\"8efb9d1\" data-element_type=\"container\" data-e-type=\"container\" data-settings=\"{&quot;background_background&quot;:&quot;classic&quot;}\">\n\t\t<div class=\"elementor-element elementor-element-4dca433 e-flex e-con-boxed e-con e-child\" data-id=\"4dca433\" data-element_type=\"container\" data-e-type=\"container\">\n\t\t\t\t\t<div class=\"e-con-inner\">\n\t\t\t\t<div class=\"elementor-element elementor-element-8d8384e elementor-widget elementor-widget-heading\" data-id=\"8d8384e\" data-element_type=\"widget\" data-e-type=\"widget\" data-widget_type=\"heading.default\">\n\t\t\t\t<div class=\"elementor-widget-container\">\n\t\t\t\t\t<h1 class=\"elementor-heading-title elementor-size-default\">Odontolog\u00eda preventiva<\/h1>\t\t\t\t<\/div>\n\t\t\t\t<\/div>\n\t\t\t\t<div class=\"elementor-element elementor-element-50b8ac6 elementor-widget elementor-widget-heading\" data-id=\"50b8ac6\" data-element_type=\"widget\" data-e-type=\"widget\" data-widget_type=\"heading.default\">\n\t\t\t\t<div class=\"elementor-widget-container\">\n\t\t\t\t\t<div class=\"elementor-heading-title elementor-size-default\">Gure espezialitateak<\/div>\t\t\t\t<\/div>\n\t\t\t\t<\/div>\n\t\t\t\t\t<\/div>\n\t\t\t\t<\/div>\n\t\t\t\t<\/div>\n\t\t<div class=\"elementor-element elementor-element-37392b5 e-con-full fc-container-padding e-flex e-con e-parent\" data-id=\"37392b5\" data-element_type=\"container\" data-e-type=\"container\" data-settings=\"{&quot;background_background&quot;:&quot;classic&quot;}\">\n\t\t<div class=\"elementor-element elementor-element-df74dcc e-flex e-con-boxed e-con e-child\" data-id=\"df74dcc\" data-element_type=\"container\" data-e-type=\"container\">\n\t\t\t\t\t<div class=\"e-con-inner\">\n\t\t<div class=\"elementor-element elementor-element-37138c9 fc-container-col e-flex e-con-boxed e-con e-child\" data-id=\"37138c9\" data-element_type=\"container\" data-e-type=\"container\">\n\t\t\t\t\t<div class=\"e-con-inner\">\n\t\t\t\t<div class=\"elementor-element elementor-element-7e32998 elementor-widget elementor-widget-heading\" data-id=\"7e32998\" data-element_type=\"widget\" data-e-type=\"widget\" data-widget_type=\"heading.default\">\n\t\t\t\t<div class=\"elementor-widget-container\">\n\t\t\t\t\t<h2 class=\"elementor-heading-title elementor-size-default\">Higiene bucal<\/h2>\t\t\t\t<\/div>\n\t\t\t\t<\/div>\n\t\t\t\t<div class=\"elementor-element elementor-element-c57862a elementor-widget elementor-widget-text-editor\" data-id=\"c57862a\" data-element_type=\"widget\" data-e-type=\"widget\" data-widget_type=\"text-editor.default\">\n\t\t\t\t<div class=\"elementor-widget-container\">\n\t\t\t\t\t\t\t\t\t<div class=\"cmsms_column one_half\"><div class=\"cmsms_text\"><p>La primera y m\u00e1s importante de TODAS las especialidades. Porque lo m\u00e1s importante es que sepas cuidar y mantener tu boca sana y limpia con lo que necesitas, encontrar tu cepillo adecuado, tu pasta y colutorio adecuado, saber c\u00f3mo cepillarte, y si debes utilizar seda dental o cepillos interdentales.<\/p><p>Dedicamos mucho de nuestro tiempo de consulta a ense\u00f1aros a mantener una buena higiene bucal, porque nos parece vital darle a cada boca lo que necesita.<\/p><\/div><\/div>\t\t\t\t\t\t\t\t<\/div>\n\t\t\t\t<\/div>\n\t\t\t\t\t<\/div>\n\t\t\t\t<\/div>\n\t\t<div class=\"elementor-element elementor-element-b9600a4 fc-container-col e-flex e-con-boxed e-con e-child\" data-id=\"b9600a4\" data-element_type=\"container\" data-e-type=\"container\">\n\t\t\t\t\t<div class=\"e-con-inner\">\n\t\t\t\t<div class=\"elementor-element elementor-element-3ca09dc elementor-widget elementor-widget-image\" data-id=\"3ca09dc\" data-element_type=\"widget\" data-e-type=\"widget\" data-widget_type=\"image.default\">\n\t\t\t\t<div class=\"elementor-widget-container\">\n\t\t\t\t\t\t\t\t\t\t\t\t\t\t\t<img fetchpriority=\"high\" decoding=\"async\" width=\"800\" height=\"501\" src=\"https:\/\/www.clinicadentalagirre.com\/wp-content\/uploads\/2025\/11\/especialidad-prevencion-1762102862.jpg\" class=\"attachment-large size-large wp-image-2112\" alt=\"Especialidad Prevencion\" srcset=\"https:\/\/www.clinicadentalagirre.com\/wp-content\/uploads\/2025\/11\/especialidad-prevencion-1762102862.jpg 1021w, https:\/\/www.clinicadentalagirre.com\/wp-content\/uploads\/2025\/11\/especialidad-prevencion-1762102862-300x188.jpg 300w, https:\/\/www.clinicadentalagirre.com\/wp-content\/uploads\/2025\/11\/especialidad-prevencion-1762102862-768x481.jpg 768w\" sizes=\"(max-width: 800px) 100vw, 800px\" \/>\t\t\t\t\t\t\t\t\t\t\t\t\t\t\t<\/div>\n\t\t\t\t<\/div>\n\t\t\t\t\t<\/div>\n\t\t\t\t<\/div>\n\t\t\t\t\t<\/div>\n\t\t\t\t<\/div>\n\t\t\t\t<\/div>\n\t\t<div class=\"elementor-element elementor-element-7c6b276 e-con-full fc-container-padding e-flex e-con e-parent\" data-id=\"7c6b276\" data-element_type=\"container\" data-e-type=\"container\" data-settings=\"{&quot;background_background&quot;:&quot;classic&quot;}\">\n\t\t<div class=\"elementor-element elementor-element-700e075 e-flex e-con-boxed e-con e-child\" data-id=\"700e075\" data-element_type=\"container\" data-e-type=\"container\">\n\t\t\t\t\t<div class=\"e-con-inner\">\n\t\t<div class=\"elementor-element elementor-element-595b07d fc-container-col e-flex e-con-boxed e-con e-child\" data-id=\"595b07d\" data-element_type=\"container\" data-e-type=\"container\">\n\t\t\t\t\t<div class=\"e-con-inner\">\n\t\t\t\t<div class=\"elementor-element elementor-element-4d2a308 elementor-widget elementor-widget-heading\" data-id=\"4d2a308\" data-element_type=\"widget\" data-e-type=\"widget\" data-widget_type=\"heading.default\">\n\t\t\t\t<div class=\"elementor-widget-container\">\n\t\t\t\t\t<h2 class=\"elementor-heading-title elementor-size-default\">Uso correcto de la seda dental<\/h2>\t\t\t\t<\/div>\n\t\t\t\t<\/div>\n\t\t\t\t<div class=\"elementor-element elementor-element-769ec2a elementor-widget elementor-widget-text-editor\" data-id=\"769ec2a\" data-element_type=\"widget\" data-e-type=\"widget\" data-widget_type=\"text-editor.default\">\n\t\t\t\t<div class=\"elementor-widget-container\">\n\t\t\t\t\t\t\t\t\t<p>Si tengo las enc\u00edas delicadas, necesitar\u00e9 un cepillo suave, si he tenido muchas caries entre dientes tengo que pasarme la seda o los cepillos interdentales todas todas las noches sin excepci\u00f3n, y si tengo sensibilidad y no puedo tomarme un helado ni un vaso de agua fr\u00eda, unas sesiones con desensibilizante en la cl\u00ednica y una pasta adecuada en casa ser\u00e1n la soluci\u00f3n a mi problema.<\/p><p>Nos encanta ense\u00f1aros a que sep\u00e1is cuidaros, y as\u00ed cuando volv\u00e1is, os felicitaremos por lo bien que lo hac\u00e9is.<\/p>\t\t\t\t\t\t\t\t<\/div>\n\t\t\t\t<\/div>\n\t\t\t\t\t<\/div>\n\t\t\t\t<\/div>\n\t\t<div class=\"elementor-element elementor-element-eec746d fc-container-col e-flex e-con-boxed e-con e-child\" data-id=\"eec746d\" data-element_type=\"container\" data-e-type=\"container\">\n\t\t\t\t\t<div class=\"e-con-inner\">\n\t\t\t\t<div class=\"elementor-element elementor-element-10603c9 elementor-widget elementor-widget-video\" data-id=\"10603c9\" data-element_type=\"widget\" data-e-type=\"widget\" data-settings=\"{&quot;youtube_url&quot;:&quot;https:\\\/\\\/www.youtube.com\\\/watch?v=jK5imyP1VQ4&amp;t=1s&quot;,&quot;video_type&quot;:&quot;youtube&quot;,&quot;controls&quot;:&quot;yes&quot;}\" data-widget_type=\"video.default\">\n\t\t\t\t<div class=\"elementor-widget-container\">\n\t\t\t\t\t\t\t<div class=\"elementor-wrapper elementor-open-inline\">\n\t\t\t<div class=\"elementor-video\"><\/div>\t\t<\/div>\n\t\t\t\t\t\t<\/div>\n\t\t\t\t<\/div>\n\t\t\t\t\t<\/div>\n\t\t\t\t<\/div>\n\t\t\t\t\t<\/div>\n\t\t\t\t<\/div>\n\t\t\t\t<\/div>\n\t\t\t\t<\/div>","protected":false},"excerpt":{"rendered":"<p>Odontolog\u00eda preventiva Nuestras especialidades Higiene bucal La primera y m\u00e1s importante de TODAS las especialidades. Porque lo m\u00e1s importante es que sepas cuidar y mantener tu boca sana y limpia con lo que necesitas, encontrar tu cepillo adecuado, tu pasta y colutorio adecuado, saber c\u00f3mo cepillarte, y si debes utilizar seda dental o cepillos interdentales. [&hellip;]<\/p>\n","protected":false},"author":3,"featured_media":0,"parent":2446,"menu_order":0,"comment_status":"closed","ping_status":"closed","template":"","meta":{"_acf_changed":false,"footnotes":""},"class_list":["post-2427","page","type-page","status-publish","hentry"],"acf":[],"_links":{"self":[{"href":"https:\/\/www.clinicadentalagirre.com\/eu\/wp-json\/wp\/v2\/pages\/2427","targetHints":{"allow":["GET"]}}],"collection":[{"href":"https:\/\/www.clinicadentalagirre.com\/eu\/wp-json\/wp\/v2\/pages"}],"about":[{"href":"https:\/\/www.clinicadentalagirre.com\/eu\/wp-json\/wp\/v2\/types\/page"}],"author":[{"embeddable":true,"href":"https:\/\/www.clinicadentalagirre.com\/eu\/wp-json\/wp\/v2\/users\/3"}],"replies":[{"embeddable":true,"href":"https:\/\/www.clinicadentalagirre.com\/eu\/wp-json\/wp\/v2\/comments?post=2427"}],"version-history":[{"count":25,"href":"https:\/\/www.clinicadentalagirre.com\/eu\/wp-json\/wp\/v2\/pages\/2427\/revisions"}],"predecessor-version":[{"id":2463,"href":"https:\/\/www.clinicadentalagirre.com\/eu\/wp-json\/wp\/v2\/pages\/2427\/revisions\/2463"}],"up":[{"embeddable":true,"href":"https:\/\/www.clinicadentalagirre.com\/eu\/wp-json\/wp\/v2\/pages\/2446"}],"wp:attachment":[{"href":"https:\/\/www.clinicadentalagirre.com\/eu\/wp-json\/wp\/v2\/media?parent=2427"}],"curies":[{"name":"wp","href":"https:\/\/api.w.org\/{rel}","templated":true}]}}