{"id":2525,"date":"2025-11-14T12:56:04","date_gmt":"2025-11-14T11:56:04","guid":{"rendered":"https:\/\/www.clinicadentalagirre.com\/?page_id=2525"},"modified":"2025-12-04T09:15:58","modified_gmt":"2025-12-04T08:15:58","slug":"tecnologia","status":"publish","type":"page","link":"https:\/\/www.clinicadentalagirre.com\/eu\/tecnologia\/","title":{"rendered":"Teknologia"},"content":{"rendered":"<div data-elementor-type=\"wp-page\" data-elementor-id=\"2525\" class=\"elementor elementor-2525\" data-elementor-post-type=\"page\">\n\t\t\t\t<div class=\"elementor-element elementor-element-131558f e-flex e-con-boxed e-con e-parent\" data-id=\"131558f\" data-element_type=\"container\" data-e-type=\"container\" data-settings=\"{&quot;background_background&quot;:&quot;classic&quot;}\">\n\t\t\t\t\t<div class=\"e-con-inner\">\n\t\t<div class=\"elementor-element elementor-element-eff0447 e-con-full fc-container-equal e-flex elementor-invisible e-con e-child\" data-id=\"eff0447\" data-element_type=\"container\" data-e-type=\"container\" data-settings=\"{&quot;animation&quot;:&quot;fadeIn&quot;,&quot;animation_delay&quot;:800}\">\n\t\t\t\t<div class=\"elementor-element elementor-element-5c4e517 elementor-widget elementor-widget-heading\" data-id=\"5c4e517\" data-element_type=\"widget\" data-e-type=\"widget\" data-widget_type=\"heading.default\">\n\t\t\t\t<div class=\"elementor-widget-container\">\n\t\t\t\t\t<h1 class=\"elementor-heading-title elementor-size-default\">Azken belaunaldiko teknologia<\/h1>\t\t\t\t<\/div>\n\t\t\t\t<\/div>\n\t\t\t\t<\/div>\n\t\t\t\t\t<\/div>\n\t\t\t\t<\/div>\n\t\t<div class=\"elementor-element elementor-element-33c8249 e-con-full fc-container-padding e-flex e-con e-parent\" data-id=\"33c8249\" data-element_type=\"container\" data-e-type=\"container\" data-settings=\"{&quot;background_background&quot;:&quot;classic&quot;}\">\n\t\t<div class=\"elementor-element elementor-element-9a7c985 e-flex e-con-boxed e-con e-child\" data-id=\"9a7c985\" data-element_type=\"container\" data-e-type=\"container\">\n\t\t\t\t\t<div class=\"e-con-inner\">\n\t\t\t\t<div class=\"elementor-element elementor-element-54799d9 elementor-widget elementor-widget-text-editor\" data-id=\"54799d9\" data-element_type=\"widget\" data-e-type=\"widget\" data-widget_type=\"text-editor.default\">\n\t\t\t\t<div class=\"elementor-widget-container\">\n\t\t\t\t\t\t\t\t\t<p>Agirre Hortz Klinikan berrikuntzaren aldeko apustua egiten dugu, tratamendu zehatzagoak, minimoki inbaditzaileagoak eta seguruagoak eskaintzeko. Teknologian egiten dugun inbertsioak aukera ematen digu denborak optimizatzeko, eragozpenak murrizteko eta emaitzak hobetzeko.<\/p>\t\t\t\t\t\t\t\t<\/div>\n\t\t\t\t<\/div>\n\t\t\t\t\t<\/div>\n\t\t\t\t<\/div>\n\t\t\t\t<\/div>\n\t\t<div class=\"elementor-element elementor-element-fb64ae1 e-con-full fc-container-padding e-flex e-con e-parent\" data-id=\"fb64ae1\" data-element_type=\"container\" data-e-type=\"container\" data-settings=\"{&quot;background_background&quot;:&quot;classic&quot;}\">\n\t\t<div class=\"elementor-element elementor-element-a078f59 e-flex e-con-boxed e-con e-child\" data-id=\"a078f59\" data-element_type=\"container\" data-e-type=\"container\" id=\"diagnostico\" data-settings=\"{&quot;background_background&quot;:&quot;classic&quot;}\">\n\t\t\t\t\t<div class=\"e-con-inner\">\n\t\t<div class=\"elementor-element elementor-element-9bee10e e-con-full e-flex e-con e-child\" data-id=\"9bee10e\" data-element_type=\"container\" data-e-type=\"container\">\n\t\t<div class=\"elementor-element elementor-element-c7415f3 e-con-full e-flex e-con e-child\" data-id=\"c7415f3\" data-element_type=\"container\" data-e-type=\"container\">\n\t\t\t\t<div class=\"elementor-element elementor-element-ba5ebe2 elementor-widget elementor-widget-heading\" data-id=\"ba5ebe2\" data-element_type=\"widget\" data-e-type=\"widget\" data-widget_type=\"heading.default\">\n\t\t\t\t<div class=\"elementor-widget-container\">\n\t\t\t\t\t<h2 class=\"elementor-heading-title elementor-size-default\">Diagnostiko digitala<\/h2>\t\t\t\t<\/div>\n\t\t\t\t<\/div>\n\t\t\t\t<div class=\"elementor-element elementor-element-2c64b4b elementor-widget elementor-widget-text-editor\" data-id=\"2c64b4b\" data-element_type=\"widget\" data-e-type=\"widget\" data-widget_type=\"text-editor.default\">\n\t\t\t\t<div class=\"elementor-widget-container\">\n\t\t\t\t\t\t\t\t\t<p>Azken belaunaldiko erradiologia digitala dugu, eta, horri esker, irudi-kalitate gorena lor daiteke, ohiko gailuekin baino askoz esposizio txikiagoa baitu erradiazioekiko.<\/p><p>3Dari esker, kasu bakoitza hainbat angelutatik ebaluatu dezakegu, prozedurak simulatu eta inplanteetarako, ortodontziarako, kirurgiarako eta protesietarako soluzio pertsonalizatuak diseinatu.\u00a0<\/p><p>Ikuspegi digital horrek zehaztasun klinikoa hobetzen du, eta esperientzia erosoagoa eta fidagarriagoa eskaintzen dio pazienteari.<\/p>\t\t\t\t\t\t\t\t<\/div>\n\t\t\t\t<\/div>\n\t\t\t\t<\/div>\n\t\t\t\t<\/div>\n\t\t<div class=\"elementor-element elementor-element-6a7b745 e-con-full e-flex e-con e-child\" data-id=\"6a7b745\" data-element_type=\"container\" data-e-type=\"container\" data-settings=\"{&quot;background_background&quot;:&quot;video&quot;,&quot;background_video_link&quot;:&quot;https:\\\/\\\/www.clinicadentalagirre.com\\\/wp-content\\\/uploads\\\/2025\\\/11\\\/rtecnologia-adiologia-digital-1763507203.mp4&quot;,&quot;background_play_on_mobile&quot;:&quot;yes&quot;}\">\n\t\t<div class=\"elementor-background-video-container\">\n\t\t\t\t\t\t\t<video class=\"elementor-background-video-hosted\" role=\"presentation\" autoplay muted playsinline loop><\/video>\n\t\t\t\t\t<\/div>\t\t<div class=\"elementor-element elementor-element-352ad31 elementor-widget elementor-widget-spacer\" data-id=\"352ad31\" data-element_type=\"widget\" data-e-type=\"widget\" data-widget_type=\"spacer.default\">\n\t\t\t\t<div class=\"elementor-widget-container\">\n\t\t\t\t\t\t\t<div class=\"elementor-spacer\">\n\t\t\t<div class=\"elementor-spacer-inner\"><\/div>\n\t\t<\/div>\n\t\t\t\t\t\t<\/div>\n\t\t\t\t<\/div>\n\t\t\t\t<\/div>\n\t\t\t\t\t<\/div>\n\t\t\t\t<\/div>\n\t\t<div class=\"elementor-element elementor-element-12d7343 e-flex e-con-boxed e-con e-child\" data-id=\"12d7343\" data-element_type=\"container\" data-e-type=\"container\" id=\"escaneado\" data-settings=\"{&quot;background_background&quot;:&quot;classic&quot;}\">\n\t\t\t\t\t<div class=\"e-con-inner\">\n\t\t<div class=\"elementor-element elementor-element-29b1433 e-con-full e-flex e-con e-child\" data-id=\"29b1433\" data-element_type=\"container\" data-e-type=\"container\" data-settings=\"{&quot;background_background&quot;:&quot;classic&quot;}\">\n\t\t\t\t<div class=\"elementor-element elementor-element-b8b0af4 elementor-widget elementor-widget-image\" data-id=\"b8b0af4\" data-element_type=\"widget\" data-e-type=\"widget\" data-widget_type=\"image.default\">\n\t\t\t\t<div class=\"elementor-widget-container\">\n\t\t\t\t\t\t\t\t\t\t\t\t\t\t\t<img fetchpriority=\"high\" decoding=\"async\" width=\"800\" height=\"633\" src=\"https:\/\/www.clinicadentalagirre.com\/wp-content\/uploads\/2025\/11\/tecnologia-escaner-dexisis3800w-1763592220.png\" class=\"attachment-large size-large wp-image-2700\" alt=\"Tecnologia Escaner Dexisis3800w\" srcset=\"https:\/\/www.clinicadentalagirre.com\/wp-content\/uploads\/2025\/11\/tecnologia-escaner-dexisis3800w-1763592220.png 1024w, https:\/\/www.clinicadentalagirre.com\/wp-content\/uploads\/2025\/11\/tecnologia-escaner-dexisis3800w-1763592220-300x237.png 300w, https:\/\/www.clinicadentalagirre.com\/wp-content\/uploads\/2025\/11\/tecnologia-escaner-dexisis3800w-1763592220-768x608.png 768w, https:\/\/www.clinicadentalagirre.com\/wp-content\/uploads\/2025\/11\/tecnologia-escaner-dexisis3800w-1763592220-15x12.png 15w\" sizes=\"(max-width: 800px) 100vw, 800px\" \/>\t\t\t\t\t\t\t\t\t\t\t\t\t\t\t<\/div>\n\t\t\t\t<\/div>\n\t\t\t\t<\/div>\n\t\t<div class=\"elementor-element elementor-element-ec46eeb e-con-full e-flex e-con e-child\" data-id=\"ec46eeb\" data-element_type=\"container\" data-e-type=\"container\">\n\t\t<div class=\"elementor-element elementor-element-0213298 e-con-full e-flex e-con e-child\" data-id=\"0213298\" data-element_type=\"container\" data-e-type=\"container\">\n\t\t\t\t<div class=\"elementor-element elementor-element-b3f60ad elementor-widget elementor-widget-heading\" data-id=\"b3f60ad\" data-element_type=\"widget\" data-e-type=\"widget\" data-widget_type=\"heading.default\">\n\t\t\t\t<div class=\"elementor-widget-container\">\n\t\t\t\t\t<h2 class=\"elementor-heading-title elementor-size-default\">Hortzak 3Dn eskaneatzea<\/h2>\t\t\t\t<\/div>\n\t\t\t\t<\/div>\n\t\t\t\t<div class=\"elementor-element elementor-element-671a0ff elementor-widget elementor-widget-text-editor\" data-id=\"671a0ff\" data-element_type=\"widget\" data-e-type=\"widget\" data-widget_type=\"text-editor.default\">\n\t\t\t\t<div class=\"elementor-widget-container\">\n\t\t\t\t\t\t\t\t\t<p>Hortzak 3D-tan eskaneatzea teknika modernoa da, molde tradizionalen beharrik gabe ahotik irudi digital zehatzak lortzeko aukera ematen duena. Aho barneko eskaner baten bidez, hortzen eta oien forma zehatza segundotan harrapatzen dugu, eredu digital zehatza sortuz.<\/p><p>Prozesu hori azkarra eta erosoa da pazientearentzat, eta ortodontzia, inplanteak eta protesiak bezalako tratamenduen plangintza hobetzen du, emaitza zehatzagoak eta pertsonalizatuagoak eskainiz.<\/p>\t\t\t\t\t\t\t\t<\/div>\n\t\t\t\t<\/div>\n\t\t\t\t<\/div>\n\t\t\t\t<\/div>\n\t\t\t\t\t<\/div>\n\t\t\t\t<\/div>\n\t\t<div class=\"elementor-element elementor-element-c2a9ec1 e-flex e-con-boxed e-con e-child\" data-id=\"c2a9ec1\" data-element_type=\"container\" data-e-type=\"container\" id=\"esterilizacion\" data-settings=\"{&quot;background_background&quot;:&quot;classic&quot;}\">\n\t\t\t\t\t<div class=\"e-con-inner\">\n\t\t<div class=\"elementor-element elementor-element-61c7a85 e-con-full e-flex e-con e-child\" data-id=\"61c7a85\" data-element_type=\"container\" data-e-type=\"container\">\n\t\t<div class=\"elementor-element elementor-element-ce89bd8 e-con-full e-flex e-con e-child\" data-id=\"ce89bd8\" data-element_type=\"container\" data-e-type=\"container\">\n\t\t\t\t<div class=\"elementor-element elementor-element-b86ced4 elementor-widget elementor-widget-heading\" data-id=\"b86ced4\" data-element_type=\"widget\" data-e-type=\"widget\" data-widget_type=\"heading.default\">\n\t\t\t\t<div class=\"elementor-widget-container\">\n\t\t\t\t\t<h2 class=\"elementor-heading-title elementor-size-default\">Esterilizazioa<\/h2>\t\t\t\t<\/div>\n\t\t\t\t<\/div>\n\t\t\t\t<div class=\"elementor-element elementor-element-b485b20 elementor-widget elementor-widget-text-editor\" data-id=\"b485b20\" data-element_type=\"widget\" data-e-type=\"widget\" data-widget_type=\"text-editor.default\">\n\t\t\t\t<div class=\"elementor-widget-container\">\n\t\t\t\t\t\t\t\t\t<div class=\"cmsms_column one_half\"><div class=\"cmsms_text\"><div><div class=\"product-desc\"><p>Bai esterilizazioa bai desinfekzioa funtsezko bi alderdi dira klinikaren egunerokotasunean.<\/p><p>Murgiltze bidezko desinfekzio kimikorako upel ultrasoniko bat, material kirurgiko guztia enbolatzeko termoselladorea eta klinikako tresneria guztia esterilizatzeko autoklabea ditugu.<\/p><p>Era berean, materialaren zati handi bat erabilera bakarrekoa da.<\/p><\/div><\/div><\/div><\/div>\t\t\t\t\t\t\t\t<\/div>\n\t\t\t\t<\/div>\n\t\t\t\t<\/div>\n\t\t\t\t<\/div>\n\t\t<div class=\"elementor-element elementor-element-a0ba3f4 e-con-full e-flex e-con e-child\" data-id=\"a0ba3f4\" data-element_type=\"container\" data-e-type=\"container\" data-settings=\"{&quot;background_background&quot;:&quot;video&quot;}\">\n\t\t\t\t<div class=\"elementor-element elementor-element-e6dd952 elementor-widget elementor-widget-image\" data-id=\"e6dd952\" data-element_type=\"widget\" data-e-type=\"widget\" data-widget_type=\"image.default\">\n\t\t\t\t<div class=\"elementor-widget-container\">\n\t\t\t\t\t\t\t\t\t\t\t\t\t\t\t<img decoding=\"async\" width=\"800\" height=\"800\" src=\"https:\/\/www.clinicadentalagirre.com\/wp-content\/uploads\/2025\/11\/tecnologia-esterilizacion-1763507204.jpg\" class=\"attachment-large size-large wp-image-2590\" alt=\"Tecnologia Esterilizacion\" srcset=\"https:\/\/www.clinicadentalagirre.com\/wp-content\/uploads\/2025\/11\/tecnologia-esterilizacion-1763507204.jpg 960w, https:\/\/www.clinicadentalagirre.com\/wp-content\/uploads\/2025\/11\/tecnologia-esterilizacion-1763507204-300x300.jpg 300w, https:\/\/www.clinicadentalagirre.com\/wp-content\/uploads\/2025\/11\/tecnologia-esterilizacion-1763507204-150x150.jpg 150w, https:\/\/www.clinicadentalagirre.com\/wp-content\/uploads\/2025\/11\/tecnologia-esterilizacion-1763507204-768x768.jpg 768w, https:\/\/www.clinicadentalagirre.com\/wp-content\/uploads\/2025\/11\/tecnologia-esterilizacion-1763507204-12x12.jpg 12w\" sizes=\"(max-width: 800px) 100vw, 800px\" \/>\t\t\t\t\t\t\t\t\t\t\t\t\t\t\t<\/div>\n\t\t\t\t<\/div>\n\t\t\t\t<\/div>\n\t\t\t\t\t<\/div>\n\t\t\t\t<\/div>\n\t\t\t\t<\/div>\n\t\t<div class=\"elementor-element elementor-element-cd5f5a6 e-con-full e-flex e-con e-parent\" data-id=\"cd5f5a6\" data-element_type=\"container\" data-e-type=\"container\" data-settings=\"{&quot;background_background&quot;:&quot;classic&quot;}\">\n\t\t<div class=\"elementor-element elementor-element-e600a5b fc-container-equal-l e-flex e-con-boxed elementor-invisible e-con e-child\" data-id=\"e600a5b\" data-element_type=\"container\" data-e-type=\"container\" data-settings=\"{&quot;animation&quot;:&quot;fadeIn&quot;,&quot;animation_delay&quot;:400}\">\n\t\t\t\t\t<div class=\"e-con-inner\">\n\t\t\t\t<div class=\"elementor-element elementor-element-c3d5b22 elementor-invisible elementor-widget elementor-widget-heading\" data-id=\"c3d5b22\" data-element_type=\"widget\" data-e-type=\"widget\" data-settings=\"{&quot;_animation&quot;:&quot;fadeInUp&quot;}\" data-widget_type=\"heading.default\">\n\t\t\t\t<div class=\"elementor-widget-container\">\n\t\t\t\t\t<h2 class=\"elementor-heading-title elementor-size-default\">Analisia eta Diagnostikoa<\/h2>\t\t\t\t<\/div>\n\t\t\t\t<\/div>\n\t\t\t\t<div class=\"elementor-element elementor-element-b09a17a elementor-invisible elementor-widget elementor-widget-text-editor\" data-id=\"b09a17a\" data-element_type=\"widget\" data-e-type=\"widget\" data-settings=\"{&quot;_animation&quot;:&quot;fadeInUp&quot;}\" data-widget_type=\"text-editor.default\">\n\t\t\t\t<div class=\"elementor-widget-container\">\n\t\t\t\t\t\t\t\t\t<p class=\"p1\">Tresna horiei esker, zure tratamenduak eraginkorragoak, seguruagoak eta aurresangarriagoak dira.<br \/>Zure erosotasuna eta konfiantza dira beti gure lehentasuna.<\/p>\t\t\t\t\t\t\t\t<\/div>\n\t\t\t\t<\/div>\n\t\t\t\t\t<\/div>\n\t\t\t\t<\/div>\n\t\t\t\t<\/div>\n\t\t\t\t<\/div>","protected":false},"excerpt":{"rendered":"<p>Tecnolog\u00eda de \u00faltima generaci\u00f3n En Cl\u00ednica Dental Agirre apostamos por la innovaci\u00f3n para ofrecer tratamientos m\u00e1s precisos, m\u00ednimamente invasivos y seguros. Nuestra inversi\u00f3n en tecnolog\u00eda nos permite optimizar tiempos, reducir molestias y mejorar resultados. Diagn\u00f3stico digital Disponemos de radiolog\u00eda digital de \u00faltima generaci\u00f3n, que permite obtener la m\u00e1xima calidad de imagen, con mucha menor exposici\u00f3n [&hellip;]<\/p>\n","protected":false},"author":3,"featured_media":0,"parent":0,"menu_order":0,"comment_status":"closed","ping_status":"closed","template":"","meta":{"_acf_changed":false,"footnotes":""},"class_list":["post-2525","page","type-page","status-publish","hentry"],"acf":[],"_links":{"self":[{"href":"https:\/\/www.clinicadentalagirre.com\/eu\/wp-json\/wp\/v2\/pages\/2525","targetHints":{"allow":["GET"]}}],"collection":[{"href":"https:\/\/www.clinicadentalagirre.com\/eu\/wp-json\/wp\/v2\/pages"}],"about":[{"href":"https:\/\/www.clinicadentalagirre.com\/eu\/wp-json\/wp\/v2\/types\/page"}],"author":[{"embeddable":true,"href":"https:\/\/www.clinicadentalagirre.com\/eu\/wp-json\/wp\/v2\/users\/3"}],"replies":[{"embeddable":true,"href":"https:\/\/www.clinicadentalagirre.com\/eu\/wp-json\/wp\/v2\/comments?post=2525"}],"version-history":[{"count":34,"href":"https:\/\/www.clinicadentalagirre.com\/eu\/wp-json\/wp\/v2\/pages\/2525\/revisions"}],"predecessor-version":[{"id":2706,"href":"https:\/\/www.clinicadentalagirre.com\/eu\/wp-json\/wp\/v2\/pages\/2525\/revisions\/2706"}],"wp:attachment":[{"href":"https:\/\/www.clinicadentalagirre.com\/eu\/wp-json\/wp\/v2\/media?parent=2525"}],"curies":[{"name":"wp","href":"https:\/\/api.w.org\/{rel}","templated":true}]}}