{"id":2639,"date":"2025-11-19T22:15:29","date_gmt":"2025-11-19T21:15:29","guid":{"rendered":"https:\/\/www.clinicadentalagirre.com\/?page_id=2639"},"modified":"2025-12-16T11:04:13","modified_gmt":"2025-12-16T10:04:13","slug":"endodoncia","status":"publish","type":"page","link":"https:\/\/www.clinicadentalagirre.com\/eu\/tratamientos\/endodoncia\/","title":{"rendered":"Endodontzia"},"content":{"rendered":"<div data-elementor-type=\"wp-page\" data-elementor-id=\"2639\" class=\"elementor elementor-2639\" data-elementor-post-type=\"page\">\n\t\t\t\t<div class=\"elementor-element elementor-element-8efb9d1 e-con-full fc-container-padding e-flex e-con e-parent\" data-id=\"8efb9d1\" data-element_type=\"container\" data-settings=\"{&quot;background_background&quot;:&quot;classic&quot;}\">\n\t\t<div class=\"elementor-element elementor-element-4dca433 e-flex e-con-boxed e-con e-child\" data-id=\"4dca433\" data-element_type=\"container\">\n\t\t\t\t\t<div class=\"e-con-inner\">\n\t\t\t\t<div class=\"elementor-element elementor-element-8d8384e elementor-widget elementor-widget-heading\" data-id=\"8d8384e\" data-element_type=\"widget\" data-widget_type=\"heading.default\">\n\t\t\t\t<div class=\"elementor-widget-container\">\n\t\t\t\t\t<h1 class=\"elementor-heading-title elementor-size-default\">Endodontzia<\/h1>\t\t\t\t<\/div>\n\t\t\t\t<\/div>\n\t\t\t\t<div class=\"elementor-element elementor-element-50b8ac6 elementor-widget elementor-widget-heading\" data-id=\"50b8ac6\" data-element_type=\"widget\" data-widget_type=\"heading.default\">\n\t\t\t\t<div class=\"elementor-widget-container\">\n\t\t\t\t\t<div class=\"elementor-heading-title elementor-size-default\">Gure espezialitateak<\/div>\t\t\t\t<\/div>\n\t\t\t\t<\/div>\n\t\t\t\t\t<\/div>\n\t\t\t\t<\/div>\n\t\t\t\t<\/div>\n\t\t<div class=\"elementor-element elementor-element-37392b5 e-con-full fc-container-padding e-flex e-con e-parent\" data-id=\"37392b5\" data-element_type=\"container\" data-settings=\"{&quot;background_background&quot;:&quot;classic&quot;}\">\n\t\t<div class=\"elementor-element elementor-element-df74dcc e-flex e-con-boxed e-con e-child\" data-id=\"df74dcc\" data-element_type=\"container\">\n\t\t\t\t\t<div class=\"e-con-inner\">\n\t\t<div class=\"elementor-element elementor-element-37138c9 fc-container-col e-flex e-con-boxed e-con e-child\" data-id=\"37138c9\" data-element_type=\"container\">\n\t\t\t\t\t<div class=\"e-con-inner\">\n\t\t\t\t<div class=\"elementor-element elementor-element-7e32998 elementor-widget elementor-widget-heading\" data-id=\"7e32998\" data-element_type=\"widget\" data-widget_type=\"heading.default\">\n\t\t\t\t<div class=\"elementor-widget-container\">\n\t\t\t\t\t<h2 class=\"elementor-heading-title elementor-size-default\">Txantxarra nerbioara iristen denean<\/h2>\t\t\t\t<\/div>\n\t\t\t\t<\/div>\n\t\t\t\t<div class=\"elementor-element elementor-element-c57862a elementor-widget elementor-widget-text-editor\" data-id=\"c57862a\" data-element_type=\"widget\" data-widget_type=\"text-editor.default\">\n\t\t\t\t<div class=\"elementor-widget-container\">\n\t\t\t\t\t\t\t\t\t<div class=\"cmsms_column one_half\"><div class=\"cmsms_text\"><div class=\"cmsms_column one_half\"><div class=\"cmsms_text\"><p data-start=\"58\" data-end=\"391\">Cuando una caries no se detecta ni se trata a tiempo con un empaste, progresa hacia zonas profundas del diente hasta alcanzar la pulpa dental, donde se encuentran nervios y vasos sangu\u00edneos. Cuando las bacterias llegan a esta pulpa, se produce una inflamaci\u00f3n que puede generar dolor \u2014con o sin flem\u00f3n\u2014 o incluso pasar desapercibida.<\/p><p data-start=\"393\" data-end=\"675\">En las revisiones anuales realizamos radiograf\u00edas intraorales digitales para observar las zonas que no son visibles a simple vista, especialmente las m\u00e1s propensas a caries. Este control radiogr\u00e1fico es clave para diagnosticar lesiones a tiempo y evitar que avancen hasta el nervio.<\/p><p data-start=\"677\" data-end=\"1002\" data-is-last-node=\"\" data-is-only-node=\"\">Si la caries llega a la pulpa, es necesario realizar una endodoncia. Este tratamiento consiste en limpiar, desinfectar y sellar los conductos del diente \u2014que pueden ser entre uno y cuatro\u2014 para luego reconstruirlo. En casos de gran destrucci\u00f3n, puede ser necesaria una corona de cer\u00e1mica para recuperar su funci\u00f3n y est\u00e9tica.<\/p><\/div><\/div><\/div><\/div>\t\t\t\t\t\t\t\t<\/div>\n\t\t\t\t<\/div>\n\t\t\t\t\t<\/div>\n\t\t\t\t<\/div>\n\t\t<div class=\"elementor-element elementor-element-b9600a4 fc-container-col e-flex e-con-boxed e-con e-child\" data-id=\"b9600a4\" data-element_type=\"container\">\n\t\t\t\t\t<div class=\"e-con-inner\">\n\t\t\t\t<div class=\"elementor-element elementor-element-3ca09dc elementor-widget elementor-widget-image\" data-id=\"3ca09dc\" data-element_type=\"widget\" data-widget_type=\"image.default\">\n\t\t\t\t<div class=\"elementor-widget-container\">\n\t\t\t\t\t\t\t\t\t\t\t\t\t\t\t<img fetchpriority=\"high\" decoding=\"async\" width=\"800\" height=\"800\" src=\"https:\/\/www.clinicadentalagirre.com\/wp-content\/uploads\/2025\/11\/especialidad-endodoncia-1762090735.jpg\" class=\"attachment-large size-large wp-image-2086\" alt=\"Especialidad Endodoncia\" srcset=\"https:\/\/www.clinicadentalagirre.com\/wp-content\/uploads\/2025\/11\/especialidad-endodoncia-1762090735.jpg 960w, https:\/\/www.clinicadentalagirre.com\/wp-content\/uploads\/2025\/11\/especialidad-endodoncia-1762090735-300x300.jpg 300w, https:\/\/www.clinicadentalagirre.com\/wp-content\/uploads\/2025\/11\/especialidad-endodoncia-1762090735-150x150.jpg 150w, https:\/\/www.clinicadentalagirre.com\/wp-content\/uploads\/2025\/11\/especialidad-endodoncia-1762090735-768x768.jpg 768w\" sizes=\"(max-width: 800px) 100vw, 800px\" \/>\t\t\t\t\t\t\t\t\t\t\t\t\t\t\t<\/div>\n\t\t\t\t<\/div>\n\t\t\t\t\t<\/div>\n\t\t\t\t<\/div>\n\t\t\t\t\t<\/div>\n\t\t\t\t<\/div>\n\t\t\t\t<\/div>\n\t\t<div class=\"elementor-element elementor-element-7c6b276 e-con-full fc-container-padding e-flex e-con e-parent\" data-id=\"7c6b276\" data-element_type=\"container\" data-settings=\"{&quot;background_background&quot;:&quot;classic&quot;}\">\n\t\t<div class=\"elementor-element elementor-element-700e075 e-flex e-con-boxed e-con e-child\" data-id=\"700e075\" data-element_type=\"container\">\n\t\t\t\t\t<div class=\"e-con-inner\">\n\t\t<div class=\"elementor-element elementor-element-595b07d fc-container-col e-flex e-con-boxed e-con e-child\" data-id=\"595b07d\" data-element_type=\"container\">\n\t\t\t\t\t<div class=\"e-con-inner\">\n\t\t\t\t<div class=\"elementor-element elementor-element-4d2a308 elementor-widget elementor-widget-heading\" data-id=\"4d2a308\" data-element_type=\"widget\" data-widget_type=\"heading.default\">\n\t\t\t\t<div class=\"elementor-widget-container\">\n\t\t\t\t\t<h2 class=\"elementor-heading-title elementor-size-default\">\u00bfC\u00f3mo se realiza una endodocia?<\/h2>\t\t\t\t<\/div>\n\t\t\t\t<\/div>\n\t\t\t\t<div class=\"elementor-element elementor-element-769ec2a elementor-widget elementor-widget-text-editor\" data-id=\"769ec2a\" data-element_type=\"widget\" data-widget_type=\"text-editor.default\">\n\t\t\t\t<div class=\"elementor-widget-container\">\n\t\t\t\t\t\t\t\t\t<div class=\"cmsms_column one_half\"><div class=\"cmsms_text\"><p>Endodontzia bat egiteko, oso ondo neurtu behar da hodi bakoitzaren luzera, eta horretarako apexaren lokalizatzaile elektroniko bat dugu, neurri hori adieraziko diguna, saioan zehar egingo ditugun erradiografiekin batera. Hodiak prestatzeko eta zabaltzeko, endodontzia mekanikorako mikromotor bat ere badugu, eta, harekin batera, hodiaren prestaketa eta konizitatea kontrolatzen ditugu. Amaitzeko, hodia gutapertxaz beteko dugu. Material plastikoa da, eta zementuarekin batera, ondo itxiko du infektatutako hortzaren barrualdea.<\/p><p>Batzuetan, hodi barneko medikazio bat utzi beharko da, normalean kaltzio hidroxidoa, pH oso altua duena, deskontaminatzeko eta bakterio-edukia murrizteko berriro martxan jarri aurretik. Batzuetan, infekzioa kentzeko, antibiotiko bat hartu beharko da aurretik edo endodontziarekin batera.<\/p><p>Kasu bakoitza desberdina da, eta horrela tratatu behar da.<\/p><\/div><\/div>\t\t\t\t\t\t\t\t<\/div>\n\t\t\t\t<\/div>\n\t\t\t\t\t<\/div>\n\t\t\t\t<\/div>\n\t\t<div class=\"elementor-element elementor-element-eec746d fc-container-col e-flex e-con-boxed e-con e-child\" data-id=\"eec746d\" data-element_type=\"container\">\n\t\t\t\t\t<div class=\"e-con-inner\">\n\t\t\t\t<div class=\"elementor-element elementor-element-746d356 elementor-widget elementor-widget-image\" data-id=\"746d356\" data-element_type=\"widget\" data-widget_type=\"image.default\">\n\t\t\t\t<div class=\"elementor-widget-container\">\n\t\t\t\t\t\t\t\t\t\t\t\t\t\t\t<img decoding=\"async\" width=\"800\" height=\"800\" src=\"https:\/\/www.clinicadentalagirre.com\/wp-content\/uploads\/2025\/11\/especialidad-endodoncia-2-1763587461.jpg\" class=\"attachment-large size-large wp-image-2648\" alt=\"Especialidad Endodoncia 2\" srcset=\"https:\/\/www.clinicadentalagirre.com\/wp-content\/uploads\/2025\/11\/especialidad-endodoncia-2-1763587461.jpg 960w, https:\/\/www.clinicadentalagirre.com\/wp-content\/uploads\/2025\/11\/especialidad-endodoncia-2-1763587461-300x300.jpg 300w, https:\/\/www.clinicadentalagirre.com\/wp-content\/uploads\/2025\/11\/especialidad-endodoncia-2-1763587461-150x150.jpg 150w, https:\/\/www.clinicadentalagirre.com\/wp-content\/uploads\/2025\/11\/especialidad-endodoncia-2-1763587461-768x768.jpg 768w, https:\/\/www.clinicadentalagirre.com\/wp-content\/uploads\/2025\/11\/especialidad-endodoncia-2-1763587461-12x12.jpg 12w\" sizes=\"(max-width: 800px) 100vw, 800px\" \/>\t\t\t\t\t\t\t\t\t\t\t\t\t\t\t<\/div>\n\t\t\t\t<\/div>\n\t\t\t\t\t<\/div>\n\t\t\t\t<\/div>\n\t\t\t\t\t<\/div>\n\t\t\t\t<\/div>\n\t\t\t\t<\/div>\n\t\t\t\t<\/div>","protected":false},"excerpt":{"rendered":"<p>Endodoncia Nuestras especialidades Cuando la caries llega al nervio Cuando una caries no se detecta ni se trata a tiempo con un empaste, progresa hacia zonas profundas del diente hasta alcanzar la pulpa dental, donde se encuentran nervios y vasos sangu\u00edneos. Cuando las bacterias llegan a esta pulpa, se produce una inflamaci\u00f3n que puede generar [&hellip;]<\/p>\n","protected":false},"author":3,"featured_media":0,"parent":2446,"menu_order":0,"comment_status":"closed","ping_status":"closed","template":"","meta":{"_acf_changed":false,"footnotes":""},"class_list":["post-2639","page","type-page","status-publish","hentry"],"acf":[],"_links":{"self":[{"href":"https:\/\/www.clinicadentalagirre.com\/eu\/wp-json\/wp\/v2\/pages\/2639","targetHints":{"allow":["GET"]}}],"collection":[{"href":"https:\/\/www.clinicadentalagirre.com\/eu\/wp-json\/wp\/v2\/pages"}],"about":[{"href":"https:\/\/www.clinicadentalagirre.com\/eu\/wp-json\/wp\/v2\/types\/page"}],"author":[{"embeddable":true,"href":"https:\/\/www.clinicadentalagirre.com\/eu\/wp-json\/wp\/v2\/users\/3"}],"replies":[{"embeddable":true,"href":"https:\/\/www.clinicadentalagirre.com\/eu\/wp-json\/wp\/v2\/comments?post=2639"}],"version-history":[{"count":10,"href":"https:\/\/www.clinicadentalagirre.com\/eu\/wp-json\/wp\/v2\/pages\/2639\/revisions"}],"predecessor-version":[{"id":2651,"href":"https:\/\/www.clinicadentalagirre.com\/eu\/wp-json\/wp\/v2\/pages\/2639\/revisions\/2651"}],"up":[{"embeddable":true,"href":"https:\/\/www.clinicadentalagirre.com\/eu\/wp-json\/wp\/v2\/pages\/2446"}],"wp:attachment":[{"href":"https:\/\/www.clinicadentalagirre.com\/eu\/wp-json\/wp\/v2\/media?parent=2639"}],"curies":[{"name":"wp","href":"https:\/\/api.w.org\/{rel}","templated":true}]}}