{"id":2663,"date":"2025-11-19T22:48:22","date_gmt":"2025-11-19T21:48:22","guid":{"rendered":"https:\/\/www.clinicadentalagirre.com\/?page_id=2663"},"modified":"2025-12-16T11:12:29","modified_gmt":"2025-12-16T10:12:29","slug":"atm","status":"publish","type":"page","link":"https:\/\/www.clinicadentalagirre.com\/eu\/tratamientos\/atm\/","title":{"rendered":"ATM"},"content":{"rendered":"<div data-elementor-type=\"wp-page\" data-elementor-id=\"2663\" class=\"elementor elementor-2663\" data-elementor-post-type=\"page\">\n\t\t\t\t<div class=\"elementor-element elementor-element-8efb9d1 e-con-full fc-container-padding e-flex e-con e-parent\" data-id=\"8efb9d1\" data-element_type=\"container\" data-settings=\"{&quot;background_background&quot;:&quot;classic&quot;}\">\n\t\t<div class=\"elementor-element elementor-element-4dca433 e-flex e-con-boxed e-con e-child\" data-id=\"4dca433\" data-element_type=\"container\">\n\t\t\t\t\t<div class=\"e-con-inner\">\n\t\t\t\t<div class=\"elementor-element elementor-element-8d8384e elementor-widget elementor-widget-heading\" data-id=\"8d8384e\" data-element_type=\"widget\" data-widget_type=\"heading.default\">\n\t\t\t\t<div class=\"elementor-widget-container\">\n\t\t\t\t\t<h1 class=\"elementor-heading-title elementor-size-default\">ATM<\/h1>\t\t\t\t<\/div>\n\t\t\t\t<\/div>\n\t\t\t\t<div class=\"elementor-element elementor-element-50b8ac6 elementor-widget elementor-widget-heading\" data-id=\"50b8ac6\" data-element_type=\"widget\" data-widget_type=\"heading.default\">\n\t\t\t\t<div class=\"elementor-widget-container\">\n\t\t\t\t\t<div class=\"elementor-heading-title elementor-size-default\">Gure espezialitateak<\/div>\t\t\t\t<\/div>\n\t\t\t\t<\/div>\n\t\t\t\t\t<\/div>\n\t\t\t\t<\/div>\n\t\t\t\t<\/div>\n\t\t<div class=\"elementor-element elementor-element-37392b5 e-con-full fc-container-padding e-flex e-con e-parent\" data-id=\"37392b5\" data-element_type=\"container\" data-settings=\"{&quot;background_background&quot;:&quot;classic&quot;}\">\n\t\t<div class=\"elementor-element elementor-element-df74dcc e-flex e-con-boxed e-con e-child\" data-id=\"df74dcc\" data-element_type=\"container\">\n\t\t\t\t\t<div class=\"e-con-inner\">\n\t\t<div class=\"elementor-element elementor-element-37138c9 fc-container-col e-flex e-con-boxed e-con e-child\" data-id=\"37138c9\" data-element_type=\"container\">\n\t\t\t\t\t<div class=\"e-con-inner\">\n\t\t\t\t<div class=\"elementor-element elementor-element-7e32998 elementor-widget elementor-widget-heading\" data-id=\"7e32998\" data-element_type=\"widget\" data-widget_type=\"heading.default\">\n\t\t\t\t<div class=\"elementor-widget-container\">\n\t\t\t\t\t<h2 class=\"elementor-heading-title elementor-size-default\">Bruxismoa<\/h2>\t\t\t\t<\/div>\n\t\t\t\t<\/div>\n\t\t\t\t<div class=\"elementor-element elementor-element-c57862a elementor-widget elementor-widget-text-editor\" data-id=\"c57862a\" data-element_type=\"widget\" data-widget_type=\"text-editor.default\">\n\t\t\t\t<div class=\"elementor-widget-container\">\n\t\t\t\t\t\t\t\t\t<div class=\"cmsms_column one_half\"><div class=\"cmsms_text\"><div class=\"cmsms_column one_half\"><div class=\"cmsms_text\"><div class=\"cmsms_column one_half\"><div class=\"cmsms_text\"><p class=\"p1\">Fenomeno hori, normalean, lo-orduetan gertatzen denez, pertsona gehienak ez dira ohartzen bruxismo izeneko arazo horretaz.<\/p><p class=\"p1\">Bruxismoak arazoak sor ditzake, zuzenean edo zeharka. Bruxatzen duten pertsonek hortzak higatzen dituzte, gainazal lauak eta euskarririk gabeko esmalte-eremuak sortuz, eta erraz hausten dira. Bruxismoa larria bada, hortz-mamiraino eraman dezakete higadura (hortzaren \u00abnerbioa\u00bb).<\/p><p class=\"p1\">Faktore emozional eta fisiko askok laguntzen dute jarduera neuro-muskular hori garatzen. Faktore horietako batzuk estresa, loaren trastornoak, hozkada ezegonkorrak, hortz-malposizioak edo hortzik eza dira.<\/p><\/div><\/div><\/div><\/div><\/div><\/div>\t\t\t\t\t\t\t\t<\/div>\n\t\t\t\t<\/div>\n\t\t\t\t\t<\/div>\n\t\t\t\t<\/div>\n\t\t<div class=\"elementor-element elementor-element-b9600a4 fc-container-col e-flex e-con-boxed e-con e-child\" data-id=\"b9600a4\" data-element_type=\"container\">\n\t\t\t\t\t<div class=\"e-con-inner\">\n\t\t\t\t<div class=\"elementor-element elementor-element-3ca09dc elementor-widget elementor-widget-image\" data-id=\"3ca09dc\" data-element_type=\"widget\" data-widget_type=\"image.default\">\n\t\t\t\t<div class=\"elementor-widget-container\">\n\t\t\t\t\t\t\t\t\t\t\t\t\t\t\t<img fetchpriority=\"high\" decoding=\"async\" width=\"800\" height=\"800\" src=\"https:\/\/www.clinicadentalagirre.com\/wp-content\/uploads\/2025\/11\/especialidad-atm-bruxismo-1763590174.jpg\" class=\"attachment-large size-large wp-image-2671\" alt=\"Especialidad Atm Bruxismo\" srcset=\"https:\/\/www.clinicadentalagirre.com\/wp-content\/uploads\/2025\/11\/especialidad-atm-bruxismo-1763590174.jpg 960w, https:\/\/www.clinicadentalagirre.com\/wp-content\/uploads\/2025\/11\/especialidad-atm-bruxismo-1763590174-300x300.jpg 300w, https:\/\/www.clinicadentalagirre.com\/wp-content\/uploads\/2025\/11\/especialidad-atm-bruxismo-1763590174-150x150.jpg 150w, https:\/\/www.clinicadentalagirre.com\/wp-content\/uploads\/2025\/11\/especialidad-atm-bruxismo-1763590174-768x768.jpg 768w, https:\/\/www.clinicadentalagirre.com\/wp-content\/uploads\/2025\/11\/especialidad-atm-bruxismo-1763590174-12x12.jpg 12w\" sizes=\"(max-width: 800px) 100vw, 800px\" \/>\t\t\t\t\t\t\t\t\t\t\t\t\t\t\t<\/div>\n\t\t\t\t<\/div>\n\t\t\t\t\t<\/div>\n\t\t\t\t<\/div>\n\t\t\t\t\t<\/div>\n\t\t\t\t<\/div>\n\t\t\t\t<\/div>\n\t\t<div class=\"elementor-element elementor-element-7c6b276 e-con-full fc-container-padding e-flex e-con e-parent\" data-id=\"7c6b276\" data-element_type=\"container\" data-settings=\"{&quot;background_background&quot;:&quot;classic&quot;}\">\n\t\t<div class=\"elementor-element elementor-element-700e075 e-flex e-con-boxed e-con e-child\" data-id=\"700e075\" data-element_type=\"container\">\n\t\t\t\t\t<div class=\"e-con-inner\">\n\t\t<div class=\"elementor-element elementor-element-595b07d fc-container-col e-flex e-con-boxed e-con e-child\" data-id=\"595b07d\" data-element_type=\"container\">\n\t\t\t\t\t<div class=\"e-con-inner\">\n\t\t\t\t<div class=\"elementor-element elementor-element-4d2a308 elementor-widget elementor-widget-heading\" data-id=\"4d2a308\" data-element_type=\"widget\" data-widget_type=\"heading.default\">\n\t\t\t\t<div class=\"elementor-widget-container\">\n\t\t\t\t\t<h2 class=\"elementor-heading-title elementor-size-default\">Deskarga-ferulak<\/h2>\t\t\t\t<\/div>\n\t\t\t\t<\/div>\n\t\t\t\t<div class=\"elementor-element elementor-element-769ec2a elementor-widget elementor-widget-text-editor\" data-id=\"769ec2a\" data-element_type=\"widget\" data-widget_type=\"text-editor.default\">\n\t\t\t\t<div class=\"elementor-widget-container\">\n\t\t\t\t\t\t\t\t\t<p class=\"p1\">Hortzak ez higatzeko tratamendu eraginkorra hortzetako babesgarri bat erabiltzea da: deskargako ferula bat. Gaueko bruxismo-aldietan goiko eta beheko hortzak elkarrekin kontaktatzea saihesten du babes horrek, higadura saihesten du, giltzadura tenporo-mandibularra (ATM) babesten du eta hartutako ohitura desprogramatzen du.<\/p><p class=\"p1\">Hortzen neurrira egiten dira, alginatozko erregistroak (masilla bat duten molde batzuk) hartuz.<\/p>\t\t\t\t\t\t\t\t<\/div>\n\t\t\t\t<\/div>\n\t\t\t\t\t<\/div>\n\t\t\t\t<\/div>\n\t\t<div class=\"elementor-element elementor-element-eec746d fc-container-col e-flex e-con-boxed e-con e-child\" data-id=\"eec746d\" data-element_type=\"container\">\n\t\t\t\t\t<div class=\"e-con-inner\">\n\t\t\t\t<div class=\"elementor-element elementor-element-1ee6476 elementor--h-position-center elementor--v-position-middle elementor-widget elementor-widget-slides\" data-id=\"1ee6476\" data-element_type=\"widget\" data-settings=\"{&quot;navigation&quot;:&quot;none&quot;,&quot;transition&quot;:&quot;fade&quot;,&quot;autoplay&quot;:&quot;yes&quot;,&quot;autoplay_speed&quot;:5000,&quot;infinite&quot;:&quot;yes&quot;,&quot;transition_speed&quot;:500}\" data-widget_type=\"slides.default\">\n\t\t\t\t<div class=\"elementor-widget-container\">\n\t\t\t\t\t\t\t\t\t<div class=\"elementor-swiper\">\n\t\t\t\t\t<div class=\"elementor-slides-wrapper elementor-main-swiper swiper\" role=\"region\" aria-roledescription=\"carousel\" aria-label=\"Diapositivas\" dir=\"ltr\" data-animation=\"fadeInUp\">\n\t\t\t\t<div class=\"swiper-wrapper elementor-slides\">\n\t\t\t\t\t\t\t\t\t\t<div class=\"elementor-repeater-item-c8a0487 swiper-slide\" role=\"group\" aria-roledescription=\"slide\"><div class=\"swiper-slide-bg\" role=\"img\" aria-label=\"Especialidad Atm Ferula 1\"><\/div><div class=\"swiper-slide-inner\" ><div class=\"swiper-slide-contents\"><\/div><\/div><\/div><div class=\"elementor-repeater-item-e18b56e swiper-slide\" role=\"group\" aria-roledescription=\"slide\"><div class=\"swiper-slide-bg\" role=\"img\" aria-label=\"Especialidad Atm Ferula 2\"><\/div><div class=\"swiper-slide-inner\" ><div class=\"swiper-slide-contents\"><\/div><\/div><\/div><div class=\"elementor-repeater-item-f20fbb5 swiper-slide\" role=\"group\" aria-roledescription=\"slide\"><div class=\"swiper-slide-bg\" role=\"img\" aria-label=\"Especialidad Atm Ferula 3\"><\/div><div class=\"swiper-slide-inner\" ><div class=\"swiper-slide-contents\"><\/div><\/div><\/div>\t\t\t\t<\/div>\n\t\t\t\t\t\t\t\t\t\t\t\t\t\t\t\t\t\t\t\t\t<\/div>\n\t\t\t\t<\/div>\n\t\t\t\t\t\t\t\t<\/div>\n\t\t\t\t<\/div>\n\t\t\t\t\t<\/div>\n\t\t\t\t<\/div>\n\t\t\t\t\t<\/div>\n\t\t\t\t<\/div>\n\t\t\t\t<\/div>\n\t\t\t\t<\/div>","protected":false},"excerpt":{"rendered":"<p>ATM Nuestras especialidades Bruxismo Debido a que este fen\u00f3meno se desarrolla, por lo general, durante las horas de sue\u00f1o, la mayor\u00eda de las personas no se percatan de este problema, denominado bruxismo. El bruxismo puede causar problemas de forma directa o indirecta. Las personas que bruxan desgastan los dientes produciendo superficies planas y zonas de [&hellip;]<\/p>\n","protected":false},"author":3,"featured_media":0,"parent":2446,"menu_order":0,"comment_status":"closed","ping_status":"closed","template":"","meta":{"_acf_changed":false,"footnotes":""},"class_list":["post-2663","page","type-page","status-publish","hentry"],"acf":[],"_links":{"self":[{"href":"https:\/\/www.clinicadentalagirre.com\/eu\/wp-json\/wp\/v2\/pages\/2663","targetHints":{"allow":["GET"]}}],"collection":[{"href":"https:\/\/www.clinicadentalagirre.com\/eu\/wp-json\/wp\/v2\/pages"}],"about":[{"href":"https:\/\/www.clinicadentalagirre.com\/eu\/wp-json\/wp\/v2\/types\/page"}],"author":[{"embeddable":true,"href":"https:\/\/www.clinicadentalagirre.com\/eu\/wp-json\/wp\/v2\/users\/3"}],"replies":[{"embeddable":true,"href":"https:\/\/www.clinicadentalagirre.com\/eu\/wp-json\/wp\/v2\/comments?post=2663"}],"version-history":[{"count":10,"href":"https:\/\/www.clinicadentalagirre.com\/eu\/wp-json\/wp\/v2\/pages\/2663\/revisions"}],"predecessor-version":[{"id":2678,"href":"https:\/\/www.clinicadentalagirre.com\/eu\/wp-json\/wp\/v2\/pages\/2663\/revisions\/2678"}],"up":[{"embeddable":true,"href":"https:\/\/www.clinicadentalagirre.com\/eu\/wp-json\/wp\/v2\/pages\/2446"}],"wp:attachment":[{"href":"https:\/\/www.clinicadentalagirre.com\/eu\/wp-json\/wp\/v2\/media?parent=2663"}],"curies":[{"name":"wp","href":"https:\/\/api.w.org\/{rel}","templated":true}]}}