{"id":2782,"date":"2025-11-23T23:51:14","date_gmt":"2025-11-23T22:51:14","guid":{"rendered":"https:\/\/www.clinicadentalagirre.com\/?page_id=2782"},"modified":"2025-12-16T11:15:15","modified_gmt":"2025-12-16T10:15:15","slug":"periodoncia","status":"publish","type":"page","link":"https:\/\/www.clinicadentalagirre.com\/eu\/tratamientos\/periodoncia\/","title":{"rendered":"Periodontzia"},"content":{"rendered":"\t\t<div data-elementor-type=\"wp-page\" data-elementor-id=\"2782\" class=\"elementor elementor-2782\" data-elementor-post-type=\"page\">\n\t\t\t\t<div class=\"elementor-element elementor-element-8efb9d1 e-con-full fc-container-padding e-flex e-con e-parent\" data-id=\"8efb9d1\" data-element_type=\"container\" data-settings=\"{&quot;background_background&quot;:&quot;classic&quot;}\">\n\t\t<div class=\"elementor-element elementor-element-4dca433 e-flex e-con-boxed e-con e-child\" data-id=\"4dca433\" data-element_type=\"container\">\n\t\t\t\t\t<div class=\"e-con-inner\">\n\t\t\t\t<div class=\"elementor-element elementor-element-8d8384e elementor-widget elementor-widget-heading\" data-id=\"8d8384e\" data-element_type=\"widget\" data-widget_type=\"heading.default\">\n\t\t\t\t<div class=\"elementor-widget-container\">\n\t\t\t\t\t<h1 class=\"elementor-heading-title elementor-size-default\">Periodoncia y Profilaxis<\/h1>\t\t\t\t<\/div>\n\t\t\t\t<\/div>\n\t\t\t\t<div class=\"elementor-element elementor-element-50b8ac6 elementor-widget elementor-widget-heading\" data-id=\"50b8ac6\" data-element_type=\"widget\" data-widget_type=\"heading.default\">\n\t\t\t\t<div class=\"elementor-widget-container\">\n\t\t\t\t\t<div class=\"elementor-heading-title elementor-size-default\">Nuestras especialidades<\/div>\t\t\t\t<\/div>\n\t\t\t\t<\/div>\n\t\t\t\t\t<\/div>\n\t\t\t\t<\/div>\n\t\t\t\t<\/div>\n\t\t<div class=\"elementor-element elementor-element-37392b5 e-con-full fc-container-padding e-flex e-con e-parent\" data-id=\"37392b5\" data-element_type=\"container\" data-settings=\"{&quot;background_background&quot;:&quot;classic&quot;}\">\n\t\t<div class=\"elementor-element elementor-element-df74dcc e-flex e-con-boxed e-con e-child\" data-id=\"df74dcc\" data-element_type=\"container\">\n\t\t\t\t\t<div class=\"e-con-inner\">\n\t\t<div class=\"elementor-element elementor-element-37138c9 fc-container-col e-flex e-con-boxed e-con e-child\" data-id=\"37138c9\" data-element_type=\"container\">\n\t\t\t\t\t<div class=\"e-con-inner\">\n\t\t\t\t<div class=\"elementor-element elementor-element-7e32998 elementor-widget elementor-widget-heading\" data-id=\"7e32998\" data-element_type=\"widget\" data-widget_type=\"heading.default\">\n\t\t\t\t<div class=\"elementor-widget-container\">\n\t\t\t\t\t<h2 class=\"elementor-heading-title elementor-size-default\">Higiene dental, sarro y salud de las enc\u00edas<\/h2>\t\t\t\t<\/div>\n\t\t\t\t<\/div>\n\t\t\t\t<div class=\"elementor-element elementor-element-c57862a elementor-widget elementor-widget-text-editor\" data-id=\"c57862a\" data-element_type=\"widget\" data-widget_type=\"text-editor.default\">\n\t\t\t\t<div class=\"elementor-widget-container\">\n\t\t\t\t\t\t\t\t\t<p>En la boca se forma de manera natural un \u201cbiofilm\u201d o <strong>placa bacteriana<\/strong>, una capa blanquecina y blanda que se acumula sobre los dientes. Aunque el cepillado la elimina, puede quedarse en zonas de dif\u00edcil acceso y, con el tiempo, <strong>endurecerse y convertirse en sarro<\/strong>.<\/p><p>El sarro no puede retirarse en casa y debe eliminarse en la cl\u00ednica mediante <strong>limpieza con ultrasonidos<\/strong>, un procedimiento seguro que no da\u00f1a el esmalte. Para las manchas por caf\u00e9, t\u00e9, vino o tabaco, contamos adem\u00e1s con el <strong>aeropulidor Air-Flow<\/strong>, que limpia suavemente con polvo de glicina dejando los dientes pulidos y m\u00e1s resistentes a la placa.<\/p><p>Si el sarro no se elimina, puede introducirse bajo la enc\u00eda y provocar <strong>enfermedad periodontal<\/strong>. Esta patolog\u00eda causa inflamaci\u00f3n, sangrado, p\u00e9rdida de hueso y, en fases avanzadas, movilidad y p\u00e9rdida dental. Tambi\u00e9n aumenta el riesgo de problemas sist\u00e9micos, especialmente en personas con enfermedades card\u00edacas o diabetes.<\/p>\t\t\t\t\t\t\t\t<\/div>\n\t\t\t\t<\/div>\n\t\t\t\t\t<\/div>\n\t\t\t\t<\/div>\n\t\t<div class=\"elementor-element elementor-element-b9600a4 fc-container-col e-flex e-con-boxed e-con e-child\" data-id=\"b9600a4\" data-element_type=\"container\" data-settings=\"{&quot;background_background&quot;:&quot;slideshow&quot;,&quot;background_slideshow_gallery&quot;:[{&quot;id&quot;:2112,&quot;url&quot;:&quot;https:\\\/\\\/www.clinicadentalagirre.com\\\/wp-content\\\/uploads\\\/2025\\\/11\\\/especialidad-prevencion-1762102862.jpg&quot;},{&quot;id&quot;:2796,&quot;url&quot;:&quot;https:\\\/\\\/www.clinicadentalagirre.com\\\/wp-content\\\/uploads\\\/2025\\\/11\\\/especialidad-profilaxis-1763939772.jpg&quot;}],&quot;background_slideshow_transition_duration&quot;:1000,&quot;background_slideshow_loop&quot;:&quot;yes&quot;,&quot;background_slideshow_slide_duration&quot;:5000,&quot;background_slideshow_slide_transition&quot;:&quot;fade&quot;}\">\n\t\t\t\t\t<div class=\"e-con-inner\">\n\t\t\t\t<div class=\"elementor-element elementor-element-12459f9 elementor-widget elementor-widget-spacer\" data-id=\"12459f9\" data-element_type=\"widget\" data-widget_type=\"spacer.default\">\n\t\t\t\t<div class=\"elementor-widget-container\">\n\t\t\t\t\t\t\t<div class=\"elementor-spacer\">\n\t\t\t<div class=\"elementor-spacer-inner\"><\/div>\n\t\t<\/div>\n\t\t\t\t\t\t<\/div>\n\t\t\t\t<\/div>\n\t\t\t\t\t<\/div>\n\t\t\t\t<\/div>\n\t\t\t\t\t<\/div>\n\t\t\t\t<\/div>\n\t\t\t\t<\/div>\n\t\t<div class=\"elementor-element elementor-element-7c6b276 e-con-full fc-container-padding e-flex e-con e-parent\" data-id=\"7c6b276\" data-element_type=\"container\" data-settings=\"{&quot;background_background&quot;:&quot;classic&quot;}\">\n\t\t<div class=\"elementor-element elementor-element-700e075 e-flex e-con-boxed e-con e-child\" data-id=\"700e075\" data-element_type=\"container\">\n\t\t\t\t\t<div class=\"e-con-inner\">\n\t\t<div class=\"elementor-element elementor-element-595b07d fc-container-col e-flex e-con-boxed e-con e-child\" data-id=\"595b07d\" data-element_type=\"container\">\n\t\t\t\t\t<div class=\"e-con-inner\">\n\t\t\t\t<div class=\"elementor-element elementor-element-4d2a308 elementor-widget elementor-widget-heading\" data-id=\"4d2a308\" data-element_type=\"widget\" data-widget_type=\"heading.default\">\n\t\t\t\t<div class=\"elementor-widget-container\">\n\t\t\t\t\t<h2 class=\"elementor-heading-title elementor-size-default\">Cuidamos la salud de tus enc\u00edas<\/h2>\t\t\t\t<\/div>\n\t\t\t\t<\/div>\n\t\t\t\t<div class=\"elementor-element elementor-element-769ec2a elementor-widget elementor-widget-text-editor\" data-id=\"769ec2a\" data-element_type=\"widget\" data-widget_type=\"text-editor.default\">\n\t\t\t\t<div class=\"elementor-widget-container\">\n\t\t\t\t\t\t\t\t\t<p>En nuestra cl\u00ednica, sabemos que una <strong>buena salud periodontal<\/strong> es fundamental para mantener tus dientes fuertes y tu sonrisa sana. El tratamiento de las enc\u00edas es sencillo, seguro y muy eficaz si se realiza correctamente.<\/p>\t\t\t\t\t\t\t\t<\/div>\n\t\t\t\t<\/div>\n\t\t\t\t<div class=\"elementor-element elementor-element-b35fcf3 elementor-widget elementor-widget-icon-box\" data-id=\"b35fcf3\" data-element_type=\"widget\" data-widget_type=\"icon-box.default\">\n\t\t\t\t<div class=\"elementor-widget-container\">\n\t\t\t\t\t\t\t<div class=\"elementor-icon-box-wrapper\">\n\n\t\t\t\n\t\t\t\t\t\t<div class=\"elementor-icon-box-content\">\n\n\t\t\t\t\t\t\t\t\t<h3 class=\"elementor-icon-box-title\">\n\t\t\t\t\t\t<span  >\n\t\t\t\t\t\t\t1. Limpieza profunda\t\t\t\t\t\t<\/span>\n\t\t\t\t\t<\/h3>\n\t\t\t\t\n\t\t\t\t\t\t\t\t\t<p class=\"elementor-icon-box-description\">\n\t\t\t\t\t\tEliminamos sarro y bacterias con ultrasonidos, curetas y pulido, dejando la ra\u00edz lista para que la enc\u00eda se adhiera de nuevo.\t\t\t\t\t<\/p>\n\t\t\t\t\n\t\t\t<\/div>\n\t\t\t\n\t\t<\/div>\n\t\t\t\t\t\t<\/div>\n\t\t\t\t<\/div>\n\t\t\t\t<div class=\"elementor-element elementor-element-7a4f0e0 elementor-widget elementor-widget-icon-box\" data-id=\"7a4f0e0\" data-element_type=\"widget\" data-widget_type=\"icon-box.default\">\n\t\t\t\t<div class=\"elementor-widget-container\">\n\t\t\t\t\t\t\t<div class=\"elementor-icon-box-wrapper\">\n\n\t\t\t\n\t\t\t\t\t\t<div class=\"elementor-icon-box-content\">\n\n\t\t\t\t\t\t\t\t\t<h3 class=\"elementor-icon-box-title\">\n\t\t\t\t\t\t<span  >\n\t\t\t\t\t\t\t2. Controles semestrales\t\t\t\t\t\t<\/span>\n\t\t\t\t\t<\/h3>\n\t\t\t\t\n\t\t\t\t\t\t\t\t\t<p class=\"elementor-icon-box-description\">\n\t\t\t\t\t\tRevisamos tus enc\u00edas con periodontograma y sondaje para monitorizar la evoluci\u00f3n y reforzar donde sea necesario.\t\t\t\t\t<\/p>\n\t\t\t\t\n\t\t\t<\/div>\n\t\t\t\n\t\t<\/div>\n\t\t\t\t\t\t<\/div>\n\t\t\t\t<\/div>\n\t\t\t\t<div class=\"elementor-element elementor-element-37a3e4d elementor-widget elementor-widget-icon-box\" data-id=\"37a3e4d\" data-element_type=\"widget\" data-widget_type=\"icon-box.default\">\n\t\t\t\t<div class=\"elementor-widget-container\">\n\t\t\t\t\t\t\t<div class=\"elementor-icon-box-wrapper\">\n\n\t\t\t\n\t\t\t\t\t\t<div class=\"elementor-icon-box-content\">\n\n\t\t\t\t\t\t\t\t\t<h3 class=\"elementor-icon-box-title\">\n\t\t\t\t\t\t<span  >\n\t\t\t\t\t\t\t3. Prevenci\u00f3n a largo plazo\t\t\t\t\t\t<\/span>\n\t\t\t\t\t<\/h3>\n\t\t\t\t\n\t\t\t\t\t\t\t\t\t<p class=\"elementor-icon-box-description\">\n\t\t\t\t\t\tAunque la enfermedad periodontal puede reaparecer, con higiene diaria y revisiones peri\u00f3dicas podemos mantener tus dientes sanos por muchos a\u00f1os.\t\t\t\t\t<\/p>\n\t\t\t\t\n\t\t\t<\/div>\n\t\t\t\n\t\t<\/div>\n\t\t\t\t\t\t<\/div>\n\t\t\t\t<\/div>\n\t\t\t\t\t<\/div>\n\t\t\t\t<\/div>\n\t\t<div class=\"elementor-element elementor-element-eec746d fc-container-col e-flex e-con-boxed e-con e-child\" data-id=\"eec746d\" data-element_type=\"container\">\n\t\t\t\t\t<div class=\"e-con-inner\">\n\t\t\t\t<div class=\"elementor-element elementor-element-746d356 elementor-widget elementor-widget-image\" data-id=\"746d356\" data-element_type=\"widget\" data-widget_type=\"image.default\">\n\t\t\t\t<div class=\"elementor-widget-container\">\n\t\t\t\t\t\t\t\t\t\t\t\t\t\t\t<img fetchpriority=\"high\" decoding=\"async\" width=\"800\" height=\"800\" src=\"https:\/\/www.clinicadentalagirre.com\/wp-content\/uploads\/2025\/11\/especialidad-periodoncia-1762090737.jpg\" class=\"attachment-large size-large wp-image-2087\" alt=\"Especialidad Periodoncia\" srcset=\"https:\/\/www.clinicadentalagirre.com\/wp-content\/uploads\/2025\/11\/especialidad-periodoncia-1762090737.jpg 960w, https:\/\/www.clinicadentalagirre.com\/wp-content\/uploads\/2025\/11\/especialidad-periodoncia-1762090737-300x300.jpg 300w, https:\/\/www.clinicadentalagirre.com\/wp-content\/uploads\/2025\/11\/especialidad-periodoncia-1762090737-150x150.jpg 150w, https:\/\/www.clinicadentalagirre.com\/wp-content\/uploads\/2025\/11\/especialidad-periodoncia-1762090737-768x768.jpg 768w\" sizes=\"(max-width: 800px) 100vw, 800px\" \/>\t\t\t\t\t\t\t\t\t\t\t\t\t\t\t<\/div>\n\t\t\t\t<\/div>\n\t\t\t\t\t<\/div>\n\t\t\t\t<\/div>\n\t\t\t\t\t<\/div>\n\t\t\t\t<\/div>\n\t\t\t\t<\/div>\n\t\t\t\t<\/div>\n\t\t","protected":false},"excerpt":{"rendered":"<p>Periodoncia y Profilaxis Nuestras especialidades Higiene dental, sarro y salud de las enc\u00edas En la boca se forma de manera natural un \u201cbiofilm\u201d o placa bacteriana, una capa blanquecina y blanda que se acumula sobre los dientes. Aunque el cepillado la elimina, puede quedarse en zonas de dif\u00edcil acceso y, con el tiempo, endurecerse y [&hellip;]<\/p>\n","protected":false},"author":3,"featured_media":0,"parent":2446,"menu_order":0,"comment_status":"closed","ping_status":"closed","template":"","meta":{"_acf_changed":false,"footnotes":""},"class_list":["post-2782","page","type-page","status-publish","hentry"],"acf":[],"_links":{"self":[{"href":"https:\/\/www.clinicadentalagirre.com\/eu\/wp-json\/wp\/v2\/pages\/2782","targetHints":{"allow":["GET"]}}],"collection":[{"href":"https:\/\/www.clinicadentalagirre.com\/eu\/wp-json\/wp\/v2\/pages"}],"about":[{"href":"https:\/\/www.clinicadentalagirre.com\/eu\/wp-json\/wp\/v2\/types\/page"}],"author":[{"embeddable":true,"href":"https:\/\/www.clinicadentalagirre.com\/eu\/wp-json\/wp\/v2\/users\/3"}],"replies":[{"embeddable":true,"href":"https:\/\/www.clinicadentalagirre.com\/eu\/wp-json\/wp\/v2\/comments?post=2782"}],"version-history":[{"count":16,"href":"https:\/\/www.clinicadentalagirre.com\/eu\/wp-json\/wp\/v2\/pages\/2782\/revisions"}],"predecessor-version":[{"id":2801,"href":"https:\/\/www.clinicadentalagirre.com\/eu\/wp-json\/wp\/v2\/pages\/2782\/revisions\/2801"}],"up":[{"embeddable":true,"href":"https:\/\/www.clinicadentalagirre.com\/eu\/wp-json\/wp\/v2\/pages\/2446"}],"wp:attachment":[{"href":"https:\/\/www.clinicadentalagirre.com\/eu\/wp-json\/wp\/v2\/media?parent=2782"}],"curies":[{"name":"wp","href":"https:\/\/api.w.org\/{rel}","templated":true}]}}